{"id":117,"date":"2018-09-22T20:54:13","date_gmt":"2018-09-22T20:54:13","guid":{"rendered":"http:\/\/www.yoga-ac.eu\/?page_id=117"},"modified":"2026-01-17T16:27:26","modified_gmt":"2026-01-17T16:27:26","slug":"international-yoga-academy","status":"publish","type":"page","link":"https:\/\/www.yoga-ac.eu\/cs\/","title":{"rendered":"International Yoga Academy"},"content":{"rendered":"<p><div class=\"fusion-fullwidth fullwidth-box fusion-builder-row-1 nonhundred-percent-fullwidth non-hundred-percent-height-scrolling\"  style='background-color: rgba(255,255,255,0);background-position: center center;background-repeat: no-repeat;padding-top:0px;padding-right:0px;padding-bottom:0px;padding-left:0px;'><div class=\"fusion-builder-row fusion-row \"><div  class=\"fusion-layout-column fusion_builder_column fusion_builder_column_1_1 fusion-builder-column-0 fusion-one-full fusion-column-first fusion-column-last 1_1\"  style='margin-top:0px;margin-bottom:20px;'><div class=\"fusion-column-wrapper\" style=\"padding: 0px 0px 0px 0px;background-position:left top;background-repeat:no-repeat;-webkit-background-size:cover;-moz-background-size:cover;-o-background-size:cover;background-size:cover;\"   data-bg-url=\"\"><div class=\"fusion-menu-anchor\" id=\"Main Manu\"><\/div><script type=\"text\/javascript\">jQuery(function() { _initLayerSlider( '#layerslider_1_101znt5jcpvh3', {createdWith: '7.9.6', sliderVersion: '7.9.6', type: 'fullwidth', skin: 'v6', useSrcset: true, skinsPath: 'https:\/\/www.yoga-ac.eu\/wp-content\/plugins\/LayerSlider\/assets\/static\/layerslider\/skins\/', performanceMode: true}); });<\/script><link href=\"https:\/\/fonts.googleapis.com\/css?family=Roboto+Slab:100,100i,200,200i,300,300i,400,400i,500,500i,600,600i,700,700i,800,800i,900,900i\" rel=\"stylesheet\"><div id=\"layerslider_1_101znt5jcpvh3\" class=\"ls-wp-container fitvidsignore\" style=\"width:2100px;height:1040px;margin:0 auto;\"><div class=\"ls-slide\" ><img loading=\"lazy\" decoding=\"async\" width=\"2100\" height=\"1040\" src=\"https:\/\/www.yoga-ac.eu\/wp-content\/uploads\/2023\/12\/international-yoga-academy-pn-3-1.jpg\" class=\"ls-l ls-img-layer\" alt=\"\" srcset=\"https:\/\/www.yoga-ac.eu\/wp-content\/uploads\/2023\/12\/international-yoga-academy-pn-3-1-200x99.jpg 200w, https:\/\/www.yoga-ac.eu\/wp-content\/uploads\/2023\/12\/international-yoga-academy-pn-3-1-300x149.jpg 300w, https:\/\/www.yoga-ac.eu\/wp-content\/uploads\/2023\/12\/international-yoga-academy-pn-3-1-400x198.jpg 400w, https:\/\/www.yoga-ac.eu\/wp-content\/uploads\/2023\/12\/international-yoga-academy-pn-3-1-600x297.jpg 600w, https:\/\/www.yoga-ac.eu\/wp-content\/uploads\/2023\/12\/international-yoga-academy-pn-3-1-768x380.jpg 768w, https:\/\/www.yoga-ac.eu\/wp-content\/uploads\/2023\/12\/international-yoga-academy-pn-3-1-800x396.jpg 800w, https:\/\/www.yoga-ac.eu\/wp-content\/uploads\/2023\/12\/international-yoga-academy-pn-3-1-1024x507.jpg 1024w, https:\/\/www.yoga-ac.eu\/wp-content\/uploads\/2023\/12\/international-yoga-academy-pn-3-1-1200x594.jpg 1200w, https:\/\/www.yoga-ac.eu\/wp-content\/uploads\/2023\/12\/international-yoga-academy-pn-3-1-1536x761.jpg 1536w, https:\/\/www.yoga-ac.eu\/wp-content\/uploads\/2023\/12\/international-yoga-academy-pn-3-1.jpg 2100w\" sizes=\"auto, (max-width: 2100px) 100vw, 2100px\" style=\"\"><ls-layer style=\"top:313px;left:854px;background-color:rgba(0, 0, 0, 0.38);color:#ffffff;padding-top:20px;padding-right:50px;padding-bottom:20px;padding-left:50px;font-family:'Roboto Slab';font-size:22px;text-align:center;\" class=\"ls-l ls-text-layer\">REGISTRATION NOW OPEN!<\/ls-layer><ls-layer style=\"top:424px;left:640px;background-color:rgba(0, 0, 0, 0.38);color:#ffffff;padding-top:20px;padding-right:50px;padding-bottom:20px;padding-left:50px;font-family:'Roboto Slab';font-size:51px;text-align:center;\" class=\"ls-l ls-text-layer\">Online Yoga Teacher Training<\/ls-layer><ls-layer style=\"padding-top:0.45em;padding-bottom:0.45em;padding-right:1.6em;padding-left:1.6em;font-weight:600;color:#fff;cursor:pointer;left:943px;top:591px;text-align:center;text-transform:uppercase;border-width:0.25em;border-color:#fff;font-size:22px;\" class=\"ls-l ls-button-layer\">READ MORE<\/ls-layer><\/div><\/div><div class=\"fusion-clearfix\"><\/div><\/div><\/div><\/div><\/div><div class=\"fusion-fullwidth fullwidth-box fusion-builder-row-2 nonhundred-percent-fullwidth non-hundred-percent-height-scrolling\"  style='background-color: rgba(255,255,255,0);background-position: center center;background-repeat: no-repeat;padding-top:0px;padding-right:0px;padding-bottom:0px;padding-left:0px;'><div class=\"fusion-builder-row fusion-row \"><div  class=\"fusion-layout-column fusion_builder_column fusion_builder_column_1_1 fusion-builder-column-1 fusion-one-full fusion-column-first fusion-column-last 1_1\"  style='margin-top:0px;margin-bottom:20px;'><div class=\"fusion-column-wrapper\" style=\"padding: 0px 0px 0px 0px;background-position:left top;background-repeat:no-repeat;-webkit-background-size:cover;-moz-background-size:cover;-o-background-size:cover;background-size:cover;\"   data-bg-url=\"\"><style type=\"text\/css\">@media only screen and (max-width:800px) {.fusion-title.fusion-title-1{margin-top:10px!important;margin-bottom:10px!important;}}<\/style><div class=\"fusion-title title fusion-title-1 fusion-title-center fusion-title-text fusion-title-size-one\" style=\"margin-top:7px;margin-bottom:7px;\"><div class=\"title-sep-container title-sep-container-left\"><div class=\"title-sep sep-double sep-solid\" style=\"border-color:#f21fb3;\"><\/div><\/div><h1 class=\"title-heading-center\" style=\"margin:0;\"><p style=\"text-align: center;\">INTERNATIONAL YOGA ACADEMY<\/p><\/h1><div class=\"title-sep-container title-sep-container-right\"><div class=\"title-sep sep-double sep-solid\" style=\"border-color:#f21fb3;\"><\/div><\/div><\/div><div class=\"fusion-text\"><div dir=\"auto\" style=\"text-align: center;\"><\/div>\n<div dir=\"auto\" style=\"text-align: center;\"><i class=\"fb-icon-element-1 fb-icon-element fontawesome-icon fa-heart fas circle-yes fusion-text-flow\" style=\"font-size:28.16px;line-height:54.32px;height:56.32px;width:56.32px;border-width:1px;margin-right:16px;\"><\/i><style>i.fontawesome-icon.fb-icon-element-1{ color: #ffffff; background-color: #333333; border-color: #333333;}i.fontawesome-icon.fb-icon-element-1:hover { color: #ffffff; background-color: #333333; border-color: #333333;}<\/style><\/div>\n<div dir=\"auto\" style=\"text-align: center;\"><\/div>\n<div dir=\"auto\"><\/div>\n<h2 style=\"text-align: center;\"><a href=\"https:\/\/www.yoga-ac.eu\/cs\/intensive-yoga-teacher-training\/\" target=\"_blank\" rel=\"noopener\"><strong><span style=\"color: #000080;\">Intenzivn\u00ed kurz Instruktor j\u00f3gy 200 hodin\u00a0<\/span><\/strong><\/a><\/h2>\n<h2 style=\"text-align: center;\"><span style=\"color: #000080;\">Intenzivn\u00ed kurz pro U\u010ditele j\u00f3gy 550 hodin<\/span><\/h2>\n<h3 style=\"text-align: center;\"><span style=\"color: #000080;\">Z\u00e1pis prob\u00edh\u00e1!<\/span><\/h3>\n<h3 style=\"text-align: center;\"><span style=\"color: #000080;\">Term\u00edn nejbli\u017e\u0161\u00edho kurzu:<\/span><\/h3>\n<h3 style=\"text-align: center;\"><span style=\"color: #000080;\">12. \u010dervenec <\/span><span style=\"color: #000080;\">2026 <\/span><\/h3>\n<h3 style=\"text-align: center;\"><span style=\"color: #000080;\">v Evropsk\u00e9m Chr\u00e1mu Sv\u011btla J\u00f3gy<a href=\"https:\/\/www.yoga-ac.eu\/cs\/evropsky-chram-svetla-jogy\/\">\u00a0na Vyso\u010din\u011b<\/a><\/span><\/h3>\n<h3 style=\"text-align: center;\"><strong style=\"color: #000080; font-size: 16px;\">Info: yogalight.eu@gmail.com<\/strong><\/h3>\n<\/div><div class=\"fusion-sep-clear\"><\/div><div class=\"fusion-separator fusion-full-width-sep sep-double sep-solid\" style=\"border-color:#f720bd;border-top-width:1px;border-bottom-width:1px;margin-left: auto;margin-right: auto;margin-top:;\"><\/div><div class=\"fusion-text\"><p>IYA shroma\u017e\u010fuje odborn\u00edky z oboru j\u00f3gy z cel\u00e9ho sv\u011bta &#8211; studenty, instruktory a u\u010ditele j\u00f3gy, kte\u0159\u00ed pom\u00e1haj\u00ed ke zv\u00fd\u0161en\u00ed standard\u016f v oblasti j\u00f3gy.<\/p>\n<p>\u010clenov\u00e9 IYA maj\u00ed n\u00e1rok na vzd\u011bl\u00e1n\u00ed, na profesion\u00e1ln\u00ed podporu a \u00fa\u010dast na v\u0161ech aktivit\u00e1ch IYA &#8230;<\/p>\n<h2><span style=\"color: #000080;\"><strong>Vzd\u011bl\u00e1v\u00e1n\u00ed<\/strong><\/span><\/h2>\n<p>Program v\u00fduky pro instruktory j\u00f3gy prob\u00edh\u00e1 v souladu s mezin\u00e1rodn\u00edmi standardy a pod profesion\u00e1ln\u00edm veden\u00edm prof. dr. Predraga Niki\u0107e \u2013 mezin\u00e1rodn\u00edho mistra j\u00f3gy a univerzitn\u00edho profesora. Kurz Instruktor j\u00f3gy je akreditov\u00e1n p\u0159\u00edslu\u0161n\u00fdm ministerstvem.<\/p>\n<p>Akreditovan\u00fd kurz Instruktor j\u00f3gy (Vzd\u011bl\u00e1vac\u00ed program Instruktor j\u00f3gy) zahrnuje 200 hodin a trv\u00e1 4 m\u011bs\u00edc\u016f. Kurz Instruktor j\u00f3gy zahrnuje v\u0161eobecn\u00e9 p\u0159edm\u011bty (obecn\u00e1 \u010d\u00e1st) a \u00fazce specializovan\u00e9 p\u0159edm\u011bty a p\u0159edn\u00e1\u0161ky o filozofii j\u00f3gy, psychologii j\u00f3gy, metodice v\u00fduky j\u00f3gy, teorii j\u00f3gy a praxi j\u00f3gy. Po absolvov\u00e1n\u00ed vzd\u011bl\u00e1vac\u00edho programu International Yoga Acedemy, student obdr\u017e\u00ed Osv\u011bd\u010den\u00ed o absolvov\u00e1n\u00ed kurzu j\u00f3gy 200 hodin. Osv\u011bd\u010den\u00ed, kter\u00e9 obdr\u017e\u00edte, je mezin\u00e1rodn\u011b uzn\u00e1van\u00e9 a akreditovan\u00e9 YFE a p\u0159\u00edslu\u0161n\u00fdm ministerstvem. Krom\u011b certifik\u00e1tu v \u010de\u0161tin\u011b, m\u016f\u017eete z\u00edskat certifik\u00e1t v ciz\u00edm jazyce (cizojazy\u010dn\u00e9 certifik\u00e1ty jsou za p\u0159\u00edplatek).<\/p>\n<p>Prof. Dr. Predrag Niki\u0107 obdr\u017eel vyznamen\u00e1n\u00ed <a href=\"https:\/\/twitter.com\/poi13\/status\/714397926387093504\" target=\"_blank\" rel=\"noopener noreferrer\"><em>Padma Shri <\/em><\/a>za mezin\u00e1rodn\u00ed p\u0159\u00ednos v oblasti j\u00f3gy. Je p\u0159edsedou Mezin\u00e1rodn\u00ed spole\u010dnosti pro v\u011bdeck\u00e1 mezidisciplin\u00e1rn\u00ed studia v oblasti j\u00f3gy. Ji\u017e l\u00e9ta pracuje jako profesor na Mezin\u00e1rodn\u00ed akademii j\u00f3gy a jako univerzitn\u00ed profesor. Je zakladatelem a \u0161\u00e9fredaktorem mezin\u00e1rodn\u00edho v\u011bdeck\u00e9ho \u010dasopisu o j\u00f3ze SMYSL.<\/p>\n<p>V\u0161ichni jeho studenti z\u00edskaj\u00ed KVALITN\u00cd ZKU\u0160ENOSTI a ZNALOSTI, kter\u00e9 jim umo\u017e\u0148uj\u00ed otev\u0159\u00edt sv\u00e9 j\u00f3gov\u00e9 studie po cel\u00e9m sv\u011bt\u011b.<\/p>\n<p><img loading=\"lazy\" decoding=\"async\" class=\"aligncenter wp-image-330 size-fusion-800\" src=\"https:\/\/www.yoga-ac.eu\/wp-content\/uploads\/2018\/07\/international-yoga-academy-pn-1.jpg\" alt=\"international yoga academy pn\" width=\"800\" height=\"390\" srcset=\"https:\/\/www.yoga-ac.eu\/wp-content\/uploads\/2018\/07\/international-yoga-academy-pn-1-200x97.jpg 200w, https:\/\/www.yoga-ac.eu\/wp-content\/uploads\/2018\/07\/international-yoga-academy-pn-1-300x146.jpg 300w, https:\/\/www.yoga-ac.eu\/wp-content\/uploads\/2018\/07\/international-yoga-academy-pn-1-400x195.jpg 400w, https:\/\/www.yoga-ac.eu\/wp-content\/uploads\/2018\/07\/international-yoga-academy-pn-1-600x292.jpg 600w, https:\/\/www.yoga-ac.eu\/wp-content\/uploads\/2018\/07\/international-yoga-academy-pn-1-768x374.jpg 768w, https:\/\/www.yoga-ac.eu\/wp-content\/uploads\/2018\/07\/international-yoga-academy-pn-1-800x390.jpg 800w, https:\/\/www.yoga-ac.eu\/wp-content\/uploads\/2018\/07\/international-yoga-academy-pn-1-1024x499.jpg 1024w, https:\/\/www.yoga-ac.eu\/wp-content\/uploads\/2018\/07\/international-yoga-academy-pn-1-1200x585.jpg 1200w, https:\/\/www.yoga-ac.eu\/wp-content\/uploads\/2018\/07\/international-yoga-academy-pn-1.jpg 1613w\" sizes=\"auto, (max-width: 800px) 100vw, 800px\" \/><\/p>\n<h3><span style=\"color: #000080;\"><strong><span lang=\"SR-LATN-RS\">Akademick\u00fd p\u0159\u00edstup j\u00f3ze<\/span><\/strong><\/span><\/h3>\n<p>Akademick\u00fd p\u0159\u00edstup j\u00f3ze se op\u00edr\u00e1 o p\u016fvodn\u00ed spisy velk\u00fdch autorit: J\u00f3ga s\u00fatra od Patanjdaliho, Upani\u0161ady, Hatha j\u00f3ga Prad\u00edpik\u00e1, Gheranda Samhita, kte\u0159\u00ed pohl\u00ed\u017eej\u00ed na j\u00f3gu jako na discipl\u00ednu vlastn\u00edho rozvoje. Bereme v \u00favahu a rozv\u00edj\u00edme r\u016fznorodost, a proto m\u00e1me studenty r\u016fzn\u00fdch ras, n\u00e1bo\u017eenstv\u00ed a st\u00e1\u0159\u00ed. Teorie j\u00f3gy a praxe j\u00f3gy se studuj\u00ed podrobn\u011b od sam\u00e9ho po\u010d\u00e1tku, tak\u017ee p\u0159edchoz\u00ed znalosti nejsou nutn\u00e9. Studenti se u\u010d\u00ed, jak d\u00e1t obsah sv\u00e9mu \u017eivotu, jak ho obohatit. U\u010d\u00ed se o konceptu Jivamukti, jak integrovat svobodu a osvobodit se od v\u0161ech spojen\u00ed a p\u0159ibl\u00ed\u017eit se konceptu: \u201e\u017dij v l\u00e1sce a \u010di\u0148 dobr\u00e9 skutky\u201d.<\/p>\n<p>Pro dal\u0161\u00ed informace n\u00e1s, pros\u00edm, kontaktujte prost\u0159ednictv\u00edm e-mailu iya.oto@gmail.com nebo na telefonn\u00ed \u010d\u00edslo\u00a0 773 691 858.<\/p>\n<h2><span style=\"color: #000080;\"><strong>Profesion\u00e1ln\u00ed podpora<\/strong><\/span><\/h2>\n<p>Pro \u010dleny IYA je poskytnut\u00e1 odborn\u00e1 podpora ve form\u011b odborn\u00fdch konzultac\u00ed t\u00fdkaj\u00edc\u00edch se jejich \u010dinnosti v oblasti j\u00f3gy<\/p>\n<h2><strong><span style=\"color: #000080;\">\u00da\u010dast v aktivit\u00e1ch<\/span><\/strong><\/h2>\n<p>V\u0161ichni \u010dlenov\u00e9 IYA se pod\u00edlej\u00ed na \u010dinnostech IYA podle p\u0159ijat\u00e9ho kalend\u00e1\u0159e aktivit pro aktu\u00e1ln\u00ed rok.<\/p>\n<h2><strong><span style=\"color: #000080;\">Informa\u010dn\u00ed centrum Mezin\u00e1rodn\u00ed j\u00f3gov\u00e9 akademie\u00a0<\/span><\/strong><\/h2>\n<p>International Yoga Academy (IYA) je profesn\u00ed organizace, kter\u00e1 sv\u00fdm \u010dlen\u016fm poskytuje zdarma slu\u017ebu INFO centra.<\/p>\n<p>Informa\u010dn\u00ed centrum IYA poskytuje sv\u00fdm \u010dlen\u016fm informace o odborn\u00e9m a profesn\u00edm zapojen\u00ed instruktor\u016f a u\u010ditel\u016f j\u00f3gy; o pr\u00e1vn\u00edch p\u0159edpokladech pro jejich zapojen\u00ed; o n\u00e1vrz\u00edch na dal\u0161\u00ed profesn\u00ed rozvoj v oblasti j\u00f3gy; o podm\u00ednk\u00e1ch za\u010dlen\u011bn\u00ed do spole\u010dn\u00fdch spole\u010densky prosp\u011b\u0161n\u00fdch akc\u00ed.<\/p>\n<p>Na\u0161i \u010dlenov\u00e9 mohou z\u00edskat informace prost\u0159ednictv\u00edm e-mailu: iya.oto@gmail.com<\/p>\n<\/div><div class=\"fusion-clearfix\"><\/div><\/div><\/div><\/div><\/div><\/p>\n","protected":false},"excerpt":{"rendered":"","protected":false},"author":1,"featured_media":0,"parent":0,"menu_order":0,"comment_status":"closed","ping_status":"closed","template":"100-width.php","meta":{"footnotes":""},"class_list":["post-117","page","type-page","status-publish","hentry"],"yoast_head":"<!-- This site is optimized with the Yoast SEO plugin v27.4 - https:\/\/yoast.com\/product\/yoast-seo-wordpress\/ -->\n<title>International Yoga Academy - yoga-ac.eu<\/title>\n<meta name=\"description\" content=\"Akreditovan\u00fd kurz Instruktor j\u00f3gy zahrnuje 200 hodin a trv\u00e1 4 m\u011bs\u00edc\u016f. Osv\u011bd\u010den\u00ed je mezin\u00e1rodn\u011b uzn\u00e1van\u00e9 a akreditovan\u00e9 YFE a p\u0159\u00edslu\u0161n\u00fdm ministerstvem.\" \/>\n<meta name=\"robots\" content=\"index, follow, max-snippet:-1, max-image-preview:large, max-video-preview:-1\" \/>\n<link rel=\"canonical\" href=\"https:\/\/www.yoga-ac.eu\/cs\/\" \/>\n<meta property=\"og:locale\" content=\"cs_CZ\" \/>\n<meta property=\"og:type\" content=\"article\" \/>\n<meta property=\"og:title\" content=\"International Yoga Academy - yoga-ac.eu\" \/>\n<meta property=\"og:description\" content=\"Akreditovan\u00fd kurz Instruktor j\u00f3gy zahrnuje 200 hodin a trv\u00e1 4 m\u011bs\u00edc\u016f. Osv\u011bd\u010den\u00ed je mezin\u00e1rodn\u011b uzn\u00e1van\u00e9 a akreditovan\u00e9 YFE a p\u0159\u00edslu\u0161n\u00fdm ministerstvem.\" \/>\n<meta property=\"og:url\" content=\"https:\/\/www.yoga-ac.eu\/cs\/\" \/>\n<meta property=\"og:site_name\" content=\"yoga-ac.eu\" \/>\n<meta property=\"article:modified_time\" content=\"2026-01-17T16:27:26+00:00\" \/>\n<meta property=\"og:image\" content=\"https:\/\/www.yoga-ac.eu\/wp-content\/uploads\/2018\/07\/international-yoga-academy-pn-1.jpg\" \/>\n<meta name=\"twitter:card\" content=\"summary_large_image\" \/>\n<meta name=\"twitter:label1\" content=\"Odhadovan\u00e1 doba \u010dten\u00ed\" \/>\n\t<meta name=\"twitter:data1\" content=\"4 minuty\" \/>\n<script type=\"application\/ld+json\" class=\"yoast-schema-graph\">{\"@context\":\"https:\\\/\\\/schema.org\",\"@graph\":[{\"@type\":\"WebPage\",\"@id\":\"https:\\\/\\\/www.yoga-ac.eu\\\/cs\\\/\",\"url\":\"https:\\\/\\\/www.yoga-ac.eu\\\/cs\\\/\",\"name\":\"International Yoga Academy - yoga-ac.eu\",\"isPartOf\":{\"@id\":\"https:\\\/\\\/www.yoga-ac.eu\\\/#website\"},\"primaryImageOfPage\":{\"@id\":\"https:\\\/\\\/www.yoga-ac.eu\\\/cs\\\/#primaryimage\"},\"image\":{\"@id\":\"https:\\\/\\\/www.yoga-ac.eu\\\/cs\\\/#primaryimage\"},\"thumbnailUrl\":\"https:\\\/\\\/www.yoga-ac.eu\\\/wp-content\\\/uploads\\\/2018\\\/07\\\/international-yoga-academy-pn-1.jpg\",\"datePublished\":\"2018-09-22T20:54:13+00:00\",\"dateModified\":\"2026-01-17T16:27:26+00:00\",\"description\":\"Akreditovan\u00fd kurz Instruktor j\u00f3gy zahrnuje 200 hodin a trv\u00e1 4 m\u011bs\u00edc\u016f. Osv\u011bd\u010den\u00ed je mezin\u00e1rodn\u011b uzn\u00e1van\u00e9 a akreditovan\u00e9 YFE a p\u0159\u00edslu\u0161n\u00fdm ministerstvem.\",\"breadcrumb\":{\"@id\":\"https:\\\/\\\/www.yoga-ac.eu\\\/cs\\\/#breadcrumb\"},\"inLanguage\":\"cs\",\"potentialAction\":[{\"@type\":\"ReadAction\",\"target\":[\"https:\\\/\\\/www.yoga-ac.eu\\\/cs\\\/\"]}]},{\"@type\":\"ImageObject\",\"inLanguage\":\"cs\",\"@id\":\"https:\\\/\\\/www.yoga-ac.eu\\\/cs\\\/#primaryimage\",\"url\":\"https:\\\/\\\/www.yoga-ac.eu\\\/wp-content\\\/uploads\\\/2018\\\/07\\\/international-yoga-academy-pn-1.jpg\",\"contentUrl\":\"https:\\\/\\\/www.yoga-ac.eu\\\/wp-content\\\/uploads\\\/2018\\\/07\\\/international-yoga-academy-pn-1.jpg\"},{\"@type\":\"BreadcrumbList\",\"@id\":\"https:\\\/\\\/www.yoga-ac.eu\\\/cs\\\/#breadcrumb\",\"itemListElement\":[{\"@type\":\"ListItem\",\"position\":1,\"name\":\"Home\",\"item\":\"https:\\\/\\\/www.yoga-ac.eu\\\/cs\\\/\"},{\"@type\":\"ListItem\",\"position\":2,\"name\":\"International Yoga Academy\"}]},{\"@type\":\"WebSite\",\"@id\":\"https:\\\/\\\/www.yoga-ac.eu\\\/#website\",\"url\":\"https:\\\/\\\/www.yoga-ac.eu\\\/\",\"name\":\"yoga-ac.eu\",\"description\":\"Yoga Teacher Training &amp; Yoga Retreats\",\"potentialAction\":[{\"@type\":\"SearchAction\",\"target\":{\"@type\":\"EntryPoint\",\"urlTemplate\":\"https:\\\/\\\/www.yoga-ac.eu\\\/?s={search_term_string}\"},\"query-input\":{\"@type\":\"PropertyValueSpecification\",\"valueRequired\":true,\"valueName\":\"search_term_string\"}}],\"inLanguage\":\"cs\"}]}<\/script>\n<!-- \/ Yoast SEO plugin. -->","yoast_head_json":{"title":"International Yoga Academy - yoga-ac.eu","description":"Akreditovan\u00fd kurz Instruktor j\u00f3gy zahrnuje 200 hodin a trv\u00e1 4 m\u011bs\u00edc\u016f. Osv\u011bd\u010den\u00ed je mezin\u00e1rodn\u011b uzn\u00e1van\u00e9 a akreditovan\u00e9 YFE a p\u0159\u00edslu\u0161n\u00fdm ministerstvem.","robots":{"index":"index","follow":"follow","max-snippet":"max-snippet:-1","max-image-preview":"max-image-preview:large","max-video-preview":"max-video-preview:-1"},"canonical":"https:\/\/www.yoga-ac.eu\/cs\/","og_locale":"cs_CZ","og_type":"article","og_title":"International Yoga Academy - yoga-ac.eu","og_description":"Akreditovan\u00fd kurz Instruktor j\u00f3gy zahrnuje 200 hodin a trv\u00e1 4 m\u011bs\u00edc\u016f. Osv\u011bd\u010den\u00ed je mezin\u00e1rodn\u011b uzn\u00e1van\u00e9 a akreditovan\u00e9 YFE a p\u0159\u00edslu\u0161n\u00fdm ministerstvem.","og_url":"https:\/\/www.yoga-ac.eu\/cs\/","og_site_name":"yoga-ac.eu","article_modified_time":"2026-01-17T16:27:26+00:00","og_image":[{"url":"https:\/\/www.yoga-ac.eu\/wp-content\/uploads\/2018\/07\/international-yoga-academy-pn-1.jpg","type":"","width":"","height":""}],"twitter_card":"summary_large_image","twitter_misc":{"Odhadovan\u00e1 doba \u010dten\u00ed":"4 minuty"},"schema":{"@context":"https:\/\/schema.org","@graph":[{"@type":"WebPage","@id":"https:\/\/www.yoga-ac.eu\/cs\/","url":"https:\/\/www.yoga-ac.eu\/cs\/","name":"International Yoga Academy - yoga-ac.eu","isPartOf":{"@id":"https:\/\/www.yoga-ac.eu\/#website"},"primaryImageOfPage":{"@id":"https:\/\/www.yoga-ac.eu\/cs\/#primaryimage"},"image":{"@id":"https:\/\/www.yoga-ac.eu\/cs\/#primaryimage"},"thumbnailUrl":"https:\/\/www.yoga-ac.eu\/wp-content\/uploads\/2018\/07\/international-yoga-academy-pn-1.jpg","datePublished":"2018-09-22T20:54:13+00:00","dateModified":"2026-01-17T16:27:26+00:00","description":"Akreditovan\u00fd kurz Instruktor j\u00f3gy zahrnuje 200 hodin a trv\u00e1 4 m\u011bs\u00edc\u016f. Osv\u011bd\u010den\u00ed je mezin\u00e1rodn\u011b uzn\u00e1van\u00e9 a akreditovan\u00e9 YFE a p\u0159\u00edslu\u0161n\u00fdm ministerstvem.","breadcrumb":{"@id":"https:\/\/www.yoga-ac.eu\/cs\/#breadcrumb"},"inLanguage":"cs","potentialAction":[{"@type":"ReadAction","target":["https:\/\/www.yoga-ac.eu\/cs\/"]}]},{"@type":"ImageObject","inLanguage":"cs","@id":"https:\/\/www.yoga-ac.eu\/cs\/#primaryimage","url":"https:\/\/www.yoga-ac.eu\/wp-content\/uploads\/2018\/07\/international-yoga-academy-pn-1.jpg","contentUrl":"https:\/\/www.yoga-ac.eu\/wp-content\/uploads\/2018\/07\/international-yoga-academy-pn-1.jpg"},{"@type":"BreadcrumbList","@id":"https:\/\/www.yoga-ac.eu\/cs\/#breadcrumb","itemListElement":[{"@type":"ListItem","position":1,"name":"Home","item":"https:\/\/www.yoga-ac.eu\/cs\/"},{"@type":"ListItem","position":2,"name":"International Yoga Academy"}]},{"@type":"WebSite","@id":"https:\/\/www.yoga-ac.eu\/#website","url":"https:\/\/www.yoga-ac.eu\/","name":"yoga-ac.eu","description":"Yoga Teacher Training &amp; Yoga Retreats","potentialAction":[{"@type":"SearchAction","target":{"@type":"EntryPoint","urlTemplate":"https:\/\/www.yoga-ac.eu\/?s={search_term_string}"},"query-input":{"@type":"PropertyValueSpecification","valueRequired":true,"valueName":"search_term_string"}}],"inLanguage":"cs"}]}},"_links":{"self":[{"href":"https:\/\/www.yoga-ac.eu\/cs\/wp-json\/wp\/v2\/pages\/117","targetHints":{"allow":["GET"]}}],"collection":[{"href":"https:\/\/www.yoga-ac.eu\/cs\/wp-json\/wp\/v2\/pages"}],"about":[{"href":"https:\/\/www.yoga-ac.eu\/cs\/wp-json\/wp\/v2\/types\/page"}],"author":[{"embeddable":true,"href":"https:\/\/www.yoga-ac.eu\/cs\/wp-json\/wp\/v2\/users\/1"}],"replies":[{"embeddable":true,"href":"https:\/\/www.yoga-ac.eu\/cs\/wp-json\/wp\/v2\/comments?post=117"}],"version-history":[{"count":41,"href":"https:\/\/www.yoga-ac.eu\/cs\/wp-json\/wp\/v2\/pages\/117\/revisions"}],"predecessor-version":[{"id":2167,"href":"https:\/\/www.yoga-ac.eu\/cs\/wp-json\/wp\/v2\/pages\/117\/revisions\/2167"}],"wp:attachment":[{"href":"https:\/\/www.yoga-ac.eu\/cs\/wp-json\/wp\/v2\/media?parent=117"}],"curies":[{"name":"wp","href":"https:\/\/api.w.org\/{rel}","templated":true}]}}