{"id":355,"date":"2020-06-28T12:12:33","date_gmt":"2020-06-28T12:12:33","guid":{"rendered":"https:\/\/www.yoga-ac.eu\/?page_id=355"},"modified":"2020-06-28T12:12:33","modified_gmt":"2020-06-28T12:12:33","slug":"eticky-kodex-instruktora-jogy","status":"publish","type":"page","link":"https:\/\/www.yoga-ac.eu\/cs\/eticky-kodex-instruktora-jogy\/","title":{"rendered":"Etick\u00fd kodex instruktora j\u00f3gy"},"content":{"rendered":"<div class=\"fusion-fullwidth fullwidth-box fusion-builder-row-1 nonhundred-percent-fullwidth non-hundred-percent-height-scrolling\"  style='background-color: rgba(255,255,255,0);background-position: center center;background-repeat: no-repeat;padding-top:0px;padding-right:0px;padding-bottom:0px;padding-left:0px;'><div class=\"fusion-builder-row fusion-row \"><div  class=\"fusion-layout-column fusion_builder_column fusion_builder_column_1_1 fusion-builder-column-0 fusion-one-full fusion-column-first fusion-column-last 1_1\"  style='margin-top:0px;margin-bottom:20px;'><div class=\"fusion-column-wrapper\" style=\"padding: 0px 0px 0px 0px;background-position:left top;background-repeat:no-repeat;-webkit-background-size:cover;-moz-background-size:cover;-o-background-size:cover;background-size:cover;\"   data-bg-url=\"\"><div class=\"fusion-text\"><h1><strong>ETICK\u00dd KODEX INSTRUKTORA J\u00d3GY<\/strong><\/h1>\n<p>Instruktor j\u00f3gy je z\u00e1visl\u00fd na z\u00e1konech a regulac\u00edch zem\u011b, ve kter\u00e9 pracuje, co\u017e zahrnuje i pravidla International Yoga Aacdemy, kter\u00e9 se vztahuj\u00ed k praktikov\u00e1n\u00ed j\u00f3gy.<\/p>\n<p>Instruktor j\u00f3gy se op\u00edr\u00e1 o etick\u00e9 principy, kter\u00e9 existuj\u00ed ve form\u011b tohoto kodexu.<\/p>\n<p>Etick\u00fd kodex upravuje p\u0159\u00edstup instruktora j\u00f3gy k povol\u00e1n\u00ed j\u00f3gov\u00e9 v\u00fduky, praktikov\u00e1n\u00ed, vztah\u016fm v pracovn\u00edm prost\u0159ed\u00ed a ve\u0159ejn\u00e9 prezentaci, p\u0159i\u010dem\u017e bere v\u00a0\u00favahu, jak\u00fd dopad to m\u00e1 na spole\u010dnost.<\/p>\n<p><strong>VZTAH V\u016e\u010cI PROFESI<\/strong><\/p>\n<p>Instruktor j\u00f3gy se op\u00edr\u00e1 o svoji znalost a kvalifikaci, ale z\u00e1rove\u0148 je u n\u011bj v\u017edy p\u0159\u00edtomna snaha o neust\u00e1l\u00fd profesion\u00e1ln\u00ed v\u00fdvoj a z\u00edsk\u00e1v\u00e1n\u00ed nov\u00fdch znalost\u00ed.<\/p>\n<p>J\u00f3gov\u00e9 aktivity by m\u011bly b\u00fdt p\u0159edv\u00e1d\u011bny s\u00a0respektem ke standardu, pou\u017eit\u00e9m v\u00a0tomto konkr\u00e9tn\u00edm oboru.<\/p>\n<p>J\u00f3gov\u00e1 profese by m\u011bla b\u00fdt provozov\u00e1na s\u00a0jistotou a diskr\u00e9tn\u011b.<\/p>\n<p>J\u00f3gov\u00e9 aktivity by m\u011bly b\u00fdt praktikov\u00e1ny s\u00a0v\u011bdom\u00edm celistvosti, zru\u010dn\u011b a zodpov\u011bdn\u011b. C\u00edle by nikdy nem\u011bly b\u00fdt d\u016fle\u017eit\u011bj\u0161\u00ed ne\u017e pohoda a d\u016fstojnost jedince.<\/p>\n<p>Metody, teorie a j\u00f3gov\u00e1 praxe by m\u011bly b\u00fdt aplikov\u00e1ny opatrn\u011b a s kritick\u00fdm vhledem, z\u00e1rove\u0148 i se snahou pln\u011b docenit kulturn\u00ed a dal\u0161\u00ed individuality praktikuj\u00edc\u00edch.<\/p>\n<p>Instruktor j\u00f3gy nep\u0159est\u00e1v\u00e1 z\u00edsk\u00e1vat nov\u00e9 znalosti a metody, kter\u00e9 jsou zaneseny v\u00a0modern\u00ed j\u00f3gov\u00e9 metodologii.<\/p>\n<p><strong>VZTAH MEZI INSTRUKTOREM A PRAKTIKUJ\u00cdC\u00cdM<\/strong><\/p>\n<p>Pro instruktora j\u00f3gy je hlavn\u00ed pohoda praktikuj\u00edc\u00edho. Instruktor j\u00f3gy je povinen respektovat pr\u00e1va, d\u016fstojnost a soukrom\u00ed praktikuj\u00edc\u00edch, nehled\u011b na jejich v\u011bk nebo fyzickou \u010di ment\u00e1ln\u00ed kondici.\u00a0 D\u016fle\u017eit\u00e1 nen\u00ed ani rasa, n\u00e1bo\u017eenstv\u00ed, pohlav\u00ed, n\u00e1rodnost nebo sexu\u00e1ln\u00ed orientace.<\/p>\n<p>V\u00a0p\u0159\u00edpad\u011b sn\u00ed\u017een\u00ed profesion\u00e1ln\u00ed nebo mor\u00e1ln\u00ed kompetence, nap\u0159. v\u00a0p\u0159\u00edpad\u011b sez\u00f3nn\u00ed nemoci, nemoci \u00fastroj\u00ed nebo jin\u00fdch probl\u00e9m\u016f tohoto typu, by se m\u011bl instruktor j\u00f3gy zdr\u017eet pr\u00e1ce s praktikuj\u00edc\u00edmi nebo za sebe naj\u00edt vhodnou n\u00e1hradu.<\/p>\n<p>Instruktor j\u00f3gy mus\u00ed poskytnout bezpe\u010dn\u00e9 a klidn\u00e9 pracovn\u00ed prost\u0159ed\u00ed.<\/p>\n<p>Instruktor j\u00f3gy respektuje hlavn\u00ed princip: cvi\u010den\u00ed mus\u00ed b\u00fdt prov\u00e1d\u011bno v\u00a0souladu s\u00a0vlastn\u00edmi mo\u017enostmi.<\/p>\n<p>Instruktor j\u00f3gy mus\u00ed pracovat v\u00a0souladu se svou profesn\u00ed kvalifikac\u00ed a pracovn\u00ed smlouvou.<\/p>\n<p>Instruktor j\u00f3gy je opr\u00e1vn\u011bn p\u0159ijmout pouze takovou materi\u00e1ln\u00ed kompenzaci (poplatek), kter\u00e1 byla p\u0159edem domluvena.<\/p>\n<p>Instruktor j\u00f3gy mus\u00ed praktikuj\u00edc\u00edm poskytnout ve\u0161ker\u00e9 mo\u017en\u00e9 informace ohledn\u011b praktikov\u00e1n\u00ed j\u00f3gy, p\u0159i\u010dem\u017e mus\u00ed v\u011bnovat zvl\u00e1\u0161tn\u00ed pozornost na d\u016fstojnost a pohodu praktikuj\u00edc\u00edch.<\/p>\n<p>V\u00a0p\u0159\u00edpad\u011b, \u017ee praktikuj\u00edc\u00edm (klientem) nen\u00ed fyzick\u00e1, ale pr\u00e1vnick\u00e1 osoba, jsou ob\u011b strany v\u00e1z\u00e1ny pr\u00e1vn\u00ed smlouvou.<\/p>\n<p>Instruktor j\u00f3gy je povinen respektovat pohlav\u00ed, n\u00e1rodnost a politick\u00e9 p\u0159esv\u011bd\u010den\u00ed praktikuj\u00edc\u00edch, p\u0159i\u010dem\u017e by m\u011bl poka\u017ed\u00e9 sm\u011b\u0159ovat k\u00a0ideologick\u00e9 neutralit\u011b.<\/p>\n<p>Informace, kter\u00e9 se t\u00fdkaj\u00ed praktikuj\u00edc\u00edch, jsou d\u016fv\u011brn\u00e9 a zachov\u00e1vat je v\u00a0tajnosti pat\u0159\u00ed k\u00a0jedn\u00e9 z\u00a0hlavn\u00edch priorit instruktora j\u00f3gy.<\/p>\n<p><strong>VZTAH MEZI INSTRUKTORY J\u00d3GY<\/strong><\/p>\n<p>Instrukto\u0159i j\u00f3gy by m\u011bli kultivovat dobr\u00e9 vztahy na pracovi\u0161ti, spolupr\u00e1ci a profesn\u00ed v\u00fdm\u011bnu. M\u011bli by uzn\u00e1vat, respektovat a oce\u0148ovat sv\u00e9 kolegy a spolupracovn\u00edky s\u00a0c\u00edlem propagovat toto povol\u00e1n\u00ed a prok\u00e1zat, \u017ee praktikuj\u00edc\u00ed se mohou spolehnout na ur\u010ditou \u00farove\u0148 kvality. Pokud instruktor j\u00f3gy kritizuje pr\u00e1ci sv\u00e9ho kolegy, m\u011bl by tak \u010dinit v\u00fdlu\u010dn\u011b s\u00a0ohledem na kvalitu jeho pr\u00e1ce a eliminovat osobn\u00ed d\u016fvody.<\/p>\n<p><strong>VZTAH V\u016e\u010cI VE\u0158EJNOSTI A SPOLE\u010cNOSTI<\/strong><\/p>\n<p>Pokud instruktor j\u00f3gy promlouv\u00e1 k\u00a0ve\u0159ejnosti, m\u011bl by b\u00fdt opatrn\u00fd a zodpov\u011bdn\u00fd.<\/p>\n<p>Nikdy by nem\u011bl myln\u011b informovat o sv\u00e9m vzd\u011bl\u00e1n\u00ed, profesn\u00edch kvalifikac\u00edch nebo pracovn\u00edch zku\u0161enostech.<\/p>\n<p>Instruktor j\u00f3gy mus\u00ed prezentovat efekty praktikov\u00e1n\u00ed j\u00f3gy na ve\u0159ejnosti p\u0159esn\u011b a srozumiteln\u011b. Instrukto\u0159i j\u00f3gy by m\u011bli prezentovat sama sebe a svoji profesi jasn\u011b a se ct\u00ed, proto, aby ve\u0159ejnosti uk\u00e1zali v\u00fdhody praktikov\u00e1n\u00ed j\u00f3gy.<\/p>\n<p>Je t\u0159eba se vyhnout senzacechtivosti, stejn\u011b tak i jak\u00e9mukoliv p\u0159eh\u00e1n\u011bn\u00ed, kter\u00e9 by mohlo v\u00e9st ve\u0159ejnost k\u00a0p\u0159esv\u011bd\u010den\u00ed, \u017ee praktikov\u00e1n\u00ed j\u00f3gy je v\u00edce nebo naopak m\u00e9n\u011b \u00fa\u010dinn\u00e9, ne\u017e tomu skute\u010dn\u011b je. Instruktor j\u00f3gy by p\u0159i jedn\u00e1n\u00ed s\u00a0ve\u0159ejnost\u00ed nem\u011bl vyu\u017e\u00edvat j\u00f3gov\u00fdch technik pro politick\u00e9 a ideologick\u00e9 \u00fa\u010dely.<\/p>\n<p>O\u010dek\u00e1v\u00e1 se, \u017ee se instrukto\u0159i j\u00f3gy budou chovat takov\u00fdm zp\u016fsobem, aby podporovali v\u00edru ve\u0159ejnosti v\u00a0j\u00f3gu jako v\u00a0metodu u\u017e\u00edvanou pro zv\u00fd\u0161en\u00ed stupn\u011b lidsk\u00e9 pohody.<\/p>\n<p>Instruktor j\u00f3gy je povinen db\u00e1t zv\u00fd\u0161en\u00e9 opatrnosti, kdy\u017e se na ve\u0159ejnosti objevuje jako soukrom\u00e1 osoba, aby neponi\u010dil jak d\u016fv\u011bru ve\u0159ejnosti v\u00a0discipl\u00ednu, kterou p\u0159edstavuje, tak svoji zp\u016fsobilost poskytovat profesion\u00e1ln\u00ed slu\u017eby v souladu s odborn\u00fdmi a etick\u00fdmi po\u017eadavky.<\/p>\n<p>Instruktor j\u00f3gy zp\u0159\u00edstup\u0148uje sv\u00e9 znalosti a zku\u0161enosti a pom\u00e1h\u00e1 ka\u017ed\u00e9 vrstv\u011b spole\u010dnosti, v n\u00ed\u017e \u017eije a pracuje.<\/p>\n<p>Instruktor j\u00f3gy ct\u00ed pr\u00e1vn\u00ed p\u0159edpisy, kulturu a ducha zem\u011b, v n\u00ed\u017e pracuje.<\/p>\n<p>Instruktor j\u00f3gy bere na v\u011bdom\u00ed standardy sv\u00e9 profese, stejn\u011b tak jako pokyny kodexu.<\/p>\n<p>Instruktor j\u00f3gy nen\u00ed v\u00e1z\u00e1n \u017e\u00e1dnou dal\u0161\u00ed autoritou, jednotlivcem ani instituc\u00ed, pokud by se jak\u00fdmkoliv zp\u016fsobem odli\u0161ovala od jeho profesn\u00edho kr\u00e9da, zakona \u010di kodexu.<\/p>\n<\/div><div class=\"fusion-clearfix\"><\/div><\/div><\/div><\/div><\/div><style type=\"text\/css\">.fusion-fullwidth.fusion-builder-row-1 a:not(.fusion-button):not(.fusion-builder-module-control):not(.fusion-social-network-icon):not(.fb-icon-element):not(.fusion-countdown-link):not(.fusion-rollover-link):not(.fusion-rollover-gallery):not(.fusion-button-bar):not(.add_to_cart_button):not(.show_details_button):not(.product_type_external):not(.fusion-quick-view):not(.fusion-rollover-title-link):not(.fusion-breadcrumb-link) , .fusion-fullwidth.fusion-builder-row-1 a:not(.fusion-button):not(.fusion-builder-module-control):not(.fusion-social-network-icon):not(.fb-icon-element):not(.fusion-countdown-link):not(.fusion-rollover-link):not(.fusion-rollover-gallery):not(.fusion-button-bar):not(.add_to_cart_button):not(.show_details_button):not(.product_type_external):not(.fusion-quick-view):not(.fusion-rollover-title-link):not(.fusion-breadcrumb-link):before, .fusion-fullwidth.fusion-builder-row-1 a:not(.fusion-button):not(.fusion-builder-module-control):not(.fusion-social-network-icon):not(.fb-icon-element):not(.fusion-countdown-link):not(.fusion-rollover-link):not(.fusion-rollover-gallery):not(.fusion-button-bar):not(.add_to_cart_button):not(.show_details_button):not(.product_type_external):not(.fusion-quick-view):not(.fusion-rollover-title-link):not(.fusion-breadcrumb-link):after {color: #2901ba;}.fusion-fullwidth.fusion-builder-row-1 a:not(.fusion-button):not(.fusion-builder-module-control):not(.fusion-social-network-icon):not(.fb-icon-element):not(.fusion-countdown-link):not(.fusion-rollover-link):not(.fusion-rollover-gallery):not(.fusion-button-bar):not(.add_to_cart_button):not(.show_details_button):not(.product_type_external):not(.fusion-quick-view):not(.fusion-rollover-title-link):not(.fusion-breadcrumb-link):hover, .fusion-fullwidth.fusion-builder-row-1 a:not(.fusion-button):not(.fusion-builder-module-control):not(.fusion-social-network-icon):not(.fb-icon-element):not(.fusion-countdown-link):not(.fusion-rollover-link):not(.fusion-rollover-gallery):not(.fusion-button-bar):not(.add_to_cart_button):not(.show_details_button):not(.product_type_external):not(.fusion-quick-view):not(.fusion-rollover-title-link):not(.fusion-breadcrumb-link):hover:before, .fusion-fullwidth.fusion-builder-row-1 a:not(.fusion-button):not(.fusion-builder-module-control):not(.fusion-social-network-icon):not(.fb-icon-element):not(.fusion-countdown-link):not(.fusion-rollover-link):not(.fusion-rollover-gallery):not(.fusion-button-bar):not(.add_to_cart_button):not(.show_details_button):not(.product_type_external):not(.fusion-quick-view):not(.fusion-rollover-title-link):not(.fusion-breadcrumb-link):hover:after {color: #72188f;}.fusion-fullwidth.fusion-builder-row-1 .pagination a.inactive:hover, .fusion-fullwidth.fusion-builder-row-1 .fusion-filters .fusion-filter.fusion-active a {border-color: #72188f;}.fusion-fullwidth.fusion-builder-row-1 .pagination .current {border-color: #72188f; background-color: #72188f;}.fusion-fullwidth.fusion-builder-row-1 .fusion-filters .fusion-filter.fusion-active a, .fusion-fullwidth.fusion-builder-row-1 .fusion-date-and-formats .fusion-format-box, .fusion-fullwidth.fusion-builder-row-1 .fusion-popover, .fusion-fullwidth.fusion-builder-row-1 .tooltip-shortcode {color: #72188f;}#main .fusion-fullwidth.fusion-builder-row-1 .post .blog-shortcode-post-title a:hover {color: #72188f;}<\/style>\n","protected":false},"excerpt":{"rendered":"","protected":false},"author":1,"featured_media":0,"parent":0,"menu_order":0,"comment_status":"closed","ping_status":"closed","template":"","meta":{"footnotes":""},"class_list":["post-355","page","type-page","status-publish","hentry"],"yoast_head":"<!-- This site is optimized with the Yoast SEO plugin v27.4 - https:\/\/yoast.com\/product\/yoast-seo-wordpress\/ -->\n<title>Etick\u00fd kodex instruktora j\u00f3gy - yoga-ac.eu<\/title>\n<meta name=\"robots\" content=\"index, follow, max-snippet:-1, max-image-preview:large, max-video-preview:-1\" \/>\n<link rel=\"canonical\" href=\"https:\/\/www.yoga-ac.eu\/cs\/eticky-kodex-instruktora-jogy\/\" \/>\n<meta property=\"og:locale\" content=\"cs_CZ\" \/>\n<meta property=\"og:type\" content=\"article\" \/>\n<meta property=\"og:title\" content=\"Etick\u00fd kodex instruktora j\u00f3gy - yoga-ac.eu\" \/>\n<meta property=\"og:url\" content=\"https:\/\/www.yoga-ac.eu\/cs\/eticky-kodex-instruktora-jogy\/\" \/>\n<meta property=\"og:site_name\" content=\"yoga-ac.eu\" \/>\n<meta name=\"twitter:card\" content=\"summary_large_image\" \/>\n<meta name=\"twitter:label1\" content=\"Odhadovan\u00e1 doba \u010dten\u00ed\" \/>\n\t<meta name=\"twitter:data1\" content=\"7 minut\" \/>\n<script type=\"application\/ld+json\" class=\"yoast-schema-graph\">{\"@context\":\"https:\\\/\\\/schema.org\",\"@graph\":[{\"@type\":\"WebPage\",\"@id\":\"https:\\\/\\\/www.yoga-ac.eu\\\/cs\\\/eticky-kodex-instruktora-jogy\\\/\",\"url\":\"https:\\\/\\\/www.yoga-ac.eu\\\/cs\\\/eticky-kodex-instruktora-jogy\\\/\",\"name\":\"Etick\u00fd kodex instruktora j\u00f3gy - yoga-ac.eu\",\"isPartOf\":{\"@id\":\"https:\\\/\\\/www.yoga-ac.eu\\\/#website\"},\"datePublished\":\"2020-06-28T12:12:33+00:00\",\"breadcrumb\":{\"@id\":\"https:\\\/\\\/www.yoga-ac.eu\\\/cs\\\/eticky-kodex-instruktora-jogy\\\/#breadcrumb\"},\"inLanguage\":\"cs\",\"potentialAction\":[{\"@type\":\"ReadAction\",\"target\":[\"https:\\\/\\\/www.yoga-ac.eu\\\/cs\\\/eticky-kodex-instruktora-jogy\\\/\"]}]},{\"@type\":\"BreadcrumbList\",\"@id\":\"https:\\\/\\\/www.yoga-ac.eu\\\/cs\\\/eticky-kodex-instruktora-jogy\\\/#breadcrumb\",\"itemListElement\":[{\"@type\":\"ListItem\",\"position\":1,\"name\":\"Home\",\"item\":\"https:\\\/\\\/www.yoga-ac.eu\\\/cs\\\/\"},{\"@type\":\"ListItem\",\"position\":2,\"name\":\"Etick\u00fd kodex instruktora j\u00f3gy\"}]},{\"@type\":\"WebSite\",\"@id\":\"https:\\\/\\\/www.yoga-ac.eu\\\/#website\",\"url\":\"https:\\\/\\\/www.yoga-ac.eu\\\/\",\"name\":\"yoga-ac.eu\",\"description\":\"Yoga Teacher Training &amp; Yoga Retreats\",\"potentialAction\":[{\"@type\":\"SearchAction\",\"target\":{\"@type\":\"EntryPoint\",\"urlTemplate\":\"https:\\\/\\\/www.yoga-ac.eu\\\/?s={search_term_string}\"},\"query-input\":{\"@type\":\"PropertyValueSpecification\",\"valueRequired\":true,\"valueName\":\"search_term_string\"}}],\"inLanguage\":\"cs\"}]}<\/script>\n<!-- \/ Yoast SEO plugin. -->","yoast_head_json":{"title":"Etick\u00fd kodex instruktora j\u00f3gy - yoga-ac.eu","robots":{"index":"index","follow":"follow","max-snippet":"max-snippet:-1","max-image-preview":"max-image-preview:large","max-video-preview":"max-video-preview:-1"},"canonical":"https:\/\/www.yoga-ac.eu\/cs\/eticky-kodex-instruktora-jogy\/","og_locale":"cs_CZ","og_type":"article","og_title":"Etick\u00fd kodex instruktora j\u00f3gy - yoga-ac.eu","og_url":"https:\/\/www.yoga-ac.eu\/cs\/eticky-kodex-instruktora-jogy\/","og_site_name":"yoga-ac.eu","twitter_card":"summary_large_image","twitter_misc":{"Odhadovan\u00e1 doba \u010dten\u00ed":"7 minut"},"schema":{"@context":"https:\/\/schema.org","@graph":[{"@type":"WebPage","@id":"https:\/\/www.yoga-ac.eu\/cs\/eticky-kodex-instruktora-jogy\/","url":"https:\/\/www.yoga-ac.eu\/cs\/eticky-kodex-instruktora-jogy\/","name":"Etick\u00fd kodex instruktora j\u00f3gy - yoga-ac.eu","isPartOf":{"@id":"https:\/\/www.yoga-ac.eu\/#website"},"datePublished":"2020-06-28T12:12:33+00:00","breadcrumb":{"@id":"https:\/\/www.yoga-ac.eu\/cs\/eticky-kodex-instruktora-jogy\/#breadcrumb"},"inLanguage":"cs","potentialAction":[{"@type":"ReadAction","target":["https:\/\/www.yoga-ac.eu\/cs\/eticky-kodex-instruktora-jogy\/"]}]},{"@type":"BreadcrumbList","@id":"https:\/\/www.yoga-ac.eu\/cs\/eticky-kodex-instruktora-jogy\/#breadcrumb","itemListElement":[{"@type":"ListItem","position":1,"name":"Home","item":"https:\/\/www.yoga-ac.eu\/cs\/"},{"@type":"ListItem","position":2,"name":"Etick\u00fd kodex instruktora j\u00f3gy"}]},{"@type":"WebSite","@id":"https:\/\/www.yoga-ac.eu\/#website","url":"https:\/\/www.yoga-ac.eu\/","name":"yoga-ac.eu","description":"Yoga Teacher Training &amp; Yoga Retreats","potentialAction":[{"@type":"SearchAction","target":{"@type":"EntryPoint","urlTemplate":"https:\/\/www.yoga-ac.eu\/?s={search_term_string}"},"query-input":{"@type":"PropertyValueSpecification","valueRequired":true,"valueName":"search_term_string"}}],"inLanguage":"cs"}]}},"_links":{"self":[{"href":"https:\/\/www.yoga-ac.eu\/cs\/wp-json\/wp\/v2\/pages\/355","targetHints":{"allow":["GET"]}}],"collection":[{"href":"https:\/\/www.yoga-ac.eu\/cs\/wp-json\/wp\/v2\/pages"}],"about":[{"href":"https:\/\/www.yoga-ac.eu\/cs\/wp-json\/wp\/v2\/types\/page"}],"author":[{"embeddable":true,"href":"https:\/\/www.yoga-ac.eu\/cs\/wp-json\/wp\/v2\/users\/1"}],"replies":[{"embeddable":true,"href":"https:\/\/www.yoga-ac.eu\/cs\/wp-json\/wp\/v2\/comments?post=355"}],"version-history":[{"count":1,"href":"https:\/\/www.yoga-ac.eu\/cs\/wp-json\/wp\/v2\/pages\/355\/revisions"}],"predecessor-version":[{"id":356,"href":"https:\/\/www.yoga-ac.eu\/cs\/wp-json\/wp\/v2\/pages\/355\/revisions\/356"}],"wp:attachment":[{"href":"https:\/\/www.yoga-ac.eu\/cs\/wp-json\/wp\/v2\/media?parent=355"}],"curies":[{"name":"wp","href":"https:\/\/api.w.org\/{rel}","templated":true}]}}