{"id":361,"date":"2020-06-29T16:37:24","date_gmt":"2020-06-29T16:37:24","guid":{"rendered":"https:\/\/www.yoga-ac.eu\/?page_id=361"},"modified":"2020-06-29T16:37:24","modified_gmt":"2020-06-29T16:37:24","slug":"stanovy-iya","status":"publish","type":"page","link":"https:\/\/www.yoga-ac.eu\/cs\/stanovy-iya\/","title":{"rendered":"Stanovy IYA"},"content":{"rendered":"<div class=\"fusion-fullwidth fullwidth-box fusion-builder-row-1 nonhundred-percent-fullwidth non-hundred-percent-height-scrolling\"  style='background-color: rgba(255,255,255,0);background-position: center center;background-repeat: no-repeat;padding-top:0px;padding-right:0px;padding-bottom:0px;padding-left:0px;'><div class=\"fusion-builder-row fusion-row \"><div  class=\"fusion-layout-column fusion_builder_column fusion_builder_column_1_1 fusion-builder-column-0 fusion-one-full fusion-column-first fusion-column-last 1_1\"  style='margin-top:0px;margin-bottom:20px;'><div class=\"fusion-column-wrapper\" style=\"padding: 0px 0px 0px 0px;background-position:left top;background-repeat:no-repeat;-webkit-background-size:cover;-moz-background-size:cover;-o-background-size:cover;background-size:cover;\"   data-bg-url=\"\"><div class=\"fusion-text\"><p><a href=\"https:\/\/www.yoga-ac.eu\/wp-content\/uploads\/2020\/06\/1_Stanovy-IYA-2018.pdf\" target=\"_blank\" rel=\"noopener noreferrer\"><strong>Stanovy <\/strong><strong>spolku <\/strong><strong>International Yoga Academy, z.s.<\/strong><\/a><\/p>\n<\/div><div class=\"fusion-clearfix\"><\/div><\/div><\/div><\/div><\/div><style type=\"text\/css\">.fusion-fullwidth.fusion-builder-row-1 a:not(.fusion-button):not(.fusion-builder-module-control):not(.fusion-social-network-icon):not(.fb-icon-element):not(.fusion-countdown-link):not(.fusion-rollover-link):not(.fusion-rollover-gallery):not(.fusion-button-bar):not(.add_to_cart_button):not(.show_details_button):not(.product_type_external):not(.fusion-quick-view):not(.fusion-rollover-title-link):not(.fusion-breadcrumb-link) , .fusion-fullwidth.fusion-builder-row-1 a:not(.fusion-button):not(.fusion-builder-module-control):not(.fusion-social-network-icon):not(.fb-icon-element):not(.fusion-countdown-link):not(.fusion-rollover-link):not(.fusion-rollover-gallery):not(.fusion-button-bar):not(.add_to_cart_button):not(.show_details_button):not(.product_type_external):not(.fusion-quick-view):not(.fusion-rollover-title-link):not(.fusion-breadcrumb-link):before, .fusion-fullwidth.fusion-builder-row-1 a:not(.fusion-button):not(.fusion-builder-module-control):not(.fusion-social-network-icon):not(.fb-icon-element):not(.fusion-countdown-link):not(.fusion-rollover-link):not(.fusion-rollover-gallery):not(.fusion-button-bar):not(.add_to_cart_button):not(.show_details_button):not(.product_type_external):not(.fusion-quick-view):not(.fusion-rollover-title-link):not(.fusion-breadcrumb-link):after {color: #2901ba;}.fusion-fullwidth.fusion-builder-row-1 a:not(.fusion-button):not(.fusion-builder-module-control):not(.fusion-social-network-icon):not(.fb-icon-element):not(.fusion-countdown-link):not(.fusion-rollover-link):not(.fusion-rollover-gallery):not(.fusion-button-bar):not(.add_to_cart_button):not(.show_details_button):not(.product_type_external):not(.fusion-quick-view):not(.fusion-rollover-title-link):not(.fusion-breadcrumb-link):hover, .fusion-fullwidth.fusion-builder-row-1 a:not(.fusion-button):not(.fusion-builder-module-control):not(.fusion-social-network-icon):not(.fb-icon-element):not(.fusion-countdown-link):not(.fusion-rollover-link):not(.fusion-rollover-gallery):not(.fusion-button-bar):not(.add_to_cart_button):not(.show_details_button):not(.product_type_external):not(.fusion-quick-view):not(.fusion-rollover-title-link):not(.fusion-breadcrumb-link):hover:before, .fusion-fullwidth.fusion-builder-row-1 a:not(.fusion-button):not(.fusion-builder-module-control):not(.fusion-social-network-icon):not(.fb-icon-element):not(.fusion-countdown-link):not(.fusion-rollover-link):not(.fusion-rollover-gallery):not(.fusion-button-bar):not(.add_to_cart_button):not(.show_details_button):not(.product_type_external):not(.fusion-quick-view):not(.fusion-rollover-title-link):not(.fusion-breadcrumb-link):hover:after {color: #72188f;}.fusion-fullwidth.fusion-builder-row-1 .pagination a.inactive:hover, .fusion-fullwidth.fusion-builder-row-1 .fusion-filters .fusion-filter.fusion-active a {border-color: #72188f;}.fusion-fullwidth.fusion-builder-row-1 .pagination .current {border-color: #72188f; background-color: #72188f;}.fusion-fullwidth.fusion-builder-row-1 .fusion-filters .fusion-filter.fusion-active a, .fusion-fullwidth.fusion-builder-row-1 .fusion-date-and-formats .fusion-format-box, .fusion-fullwidth.fusion-builder-row-1 .fusion-popover, .fusion-fullwidth.fusion-builder-row-1 .tooltip-shortcode {color: #72188f;}#main .fusion-fullwidth.fusion-builder-row-1 .post .blog-shortcode-post-title a:hover {color: #72188f;}<\/style>\n","protected":false},"excerpt":{"rendered":"","protected":false},"author":1,"featured_media":0,"parent":0,"menu_order":0,"comment_status":"closed","ping_status":"closed","template":"","meta":{"footnotes":""},"class_list":["post-361","page","type-page","status-publish","hentry"],"yoast_head":"<!-- This site is optimized with the Yoast SEO plugin v27.4 - https:\/\/yoast.com\/product\/yoast-seo-wordpress\/ -->\n<title>Stanovy IYA - yoga-ac.eu<\/title>\n<meta name=\"robots\" content=\"index, follow, max-snippet:-1, max-image-preview:large, max-video-preview:-1\" \/>\n<link rel=\"canonical\" href=\"https:\/\/www.yoga-ac.eu\/cs\/stanovy-iya\/\" \/>\n<meta property=\"og:locale\" content=\"cs_CZ\" \/>\n<meta property=\"og:type\" content=\"article\" \/>\n<meta property=\"og:title\" content=\"Stanovy IYA - yoga-ac.eu\" \/>\n<meta property=\"og:url\" content=\"https:\/\/www.yoga-ac.eu\/cs\/stanovy-iya\/\" \/>\n<meta property=\"og:site_name\" content=\"yoga-ac.eu\" \/>\n<meta name=\"twitter:card\" content=\"summary_large_image\" \/>\n<meta name=\"twitter:label1\" content=\"Odhadovan\u00e1 doba \u010dten\u00ed\" \/>\n\t<meta name=\"twitter:data1\" content=\"2 minuty\" \/>\n<script type=\"application\/ld+json\" class=\"yoast-schema-graph\">{\"@context\":\"https:\\\/\\\/schema.org\",\"@graph\":[{\"@type\":\"WebPage\",\"@id\":\"https:\\\/\\\/www.yoga-ac.eu\\\/cs\\\/stanovy-iya\\\/\",\"url\":\"https:\\\/\\\/www.yoga-ac.eu\\\/cs\\\/stanovy-iya\\\/\",\"name\":\"Stanovy IYA - yoga-ac.eu\",\"isPartOf\":{\"@id\":\"https:\\\/\\\/www.yoga-ac.eu\\\/#website\"},\"datePublished\":\"2020-06-29T16:37:24+00:00\",\"breadcrumb\":{\"@id\":\"https:\\\/\\\/www.yoga-ac.eu\\\/cs\\\/stanovy-iya\\\/#breadcrumb\"},\"inLanguage\":\"cs\",\"potentialAction\":[{\"@type\":\"ReadAction\",\"target\":[\"https:\\\/\\\/www.yoga-ac.eu\\\/cs\\\/stanovy-iya\\\/\"]}]},{\"@type\":\"BreadcrumbList\",\"@id\":\"https:\\\/\\\/www.yoga-ac.eu\\\/cs\\\/stanovy-iya\\\/#breadcrumb\",\"itemListElement\":[{\"@type\":\"ListItem\",\"position\":1,\"name\":\"Home\",\"item\":\"https:\\\/\\\/www.yoga-ac.eu\\\/cs\\\/\"},{\"@type\":\"ListItem\",\"position\":2,\"name\":\"Stanovy IYA\"}]},{\"@type\":\"WebSite\",\"@id\":\"https:\\\/\\\/www.yoga-ac.eu\\\/#website\",\"url\":\"https:\\\/\\\/www.yoga-ac.eu\\\/\",\"name\":\"yoga-ac.eu\",\"description\":\"Yoga Teacher Training &amp; Yoga Retreats\",\"potentialAction\":[{\"@type\":\"SearchAction\",\"target\":{\"@type\":\"EntryPoint\",\"urlTemplate\":\"https:\\\/\\\/www.yoga-ac.eu\\\/?s={search_term_string}\"},\"query-input\":{\"@type\":\"PropertyValueSpecification\",\"valueRequired\":true,\"valueName\":\"search_term_string\"}}],\"inLanguage\":\"cs\"}]}<\/script>\n<!-- \/ Yoast SEO plugin. -->","yoast_head_json":{"title":"Stanovy IYA - yoga-ac.eu","robots":{"index":"index","follow":"follow","max-snippet":"max-snippet:-1","max-image-preview":"max-image-preview:large","max-video-preview":"max-video-preview:-1"},"canonical":"https:\/\/www.yoga-ac.eu\/cs\/stanovy-iya\/","og_locale":"cs_CZ","og_type":"article","og_title":"Stanovy IYA - yoga-ac.eu","og_url":"https:\/\/www.yoga-ac.eu\/cs\/stanovy-iya\/","og_site_name":"yoga-ac.eu","twitter_card":"summary_large_image","twitter_misc":{"Odhadovan\u00e1 doba \u010dten\u00ed":"2 minuty"},"schema":{"@context":"https:\/\/schema.org","@graph":[{"@type":"WebPage","@id":"https:\/\/www.yoga-ac.eu\/cs\/stanovy-iya\/","url":"https:\/\/www.yoga-ac.eu\/cs\/stanovy-iya\/","name":"Stanovy IYA - yoga-ac.eu","isPartOf":{"@id":"https:\/\/www.yoga-ac.eu\/#website"},"datePublished":"2020-06-29T16:37:24+00:00","breadcrumb":{"@id":"https:\/\/www.yoga-ac.eu\/cs\/stanovy-iya\/#breadcrumb"},"inLanguage":"cs","potentialAction":[{"@type":"ReadAction","target":["https:\/\/www.yoga-ac.eu\/cs\/stanovy-iya\/"]}]},{"@type":"BreadcrumbList","@id":"https:\/\/www.yoga-ac.eu\/cs\/stanovy-iya\/#breadcrumb","itemListElement":[{"@type":"ListItem","position":1,"name":"Home","item":"https:\/\/www.yoga-ac.eu\/cs\/"},{"@type":"ListItem","position":2,"name":"Stanovy IYA"}]},{"@type":"WebSite","@id":"https:\/\/www.yoga-ac.eu\/#website","url":"https:\/\/www.yoga-ac.eu\/","name":"yoga-ac.eu","description":"Yoga Teacher Training &amp; Yoga Retreats","potentialAction":[{"@type":"SearchAction","target":{"@type":"EntryPoint","urlTemplate":"https:\/\/www.yoga-ac.eu\/?s={search_term_string}"},"query-input":{"@type":"PropertyValueSpecification","valueRequired":true,"valueName":"search_term_string"}}],"inLanguage":"cs"}]}},"_links":{"self":[{"href":"https:\/\/www.yoga-ac.eu\/cs\/wp-json\/wp\/v2\/pages\/361","targetHints":{"allow":["GET"]}}],"collection":[{"href":"https:\/\/www.yoga-ac.eu\/cs\/wp-json\/wp\/v2\/pages"}],"about":[{"href":"https:\/\/www.yoga-ac.eu\/cs\/wp-json\/wp\/v2\/types\/page"}],"author":[{"embeddable":true,"href":"https:\/\/www.yoga-ac.eu\/cs\/wp-json\/wp\/v2\/users\/1"}],"replies":[{"embeddable":true,"href":"https:\/\/www.yoga-ac.eu\/cs\/wp-json\/wp\/v2\/comments?post=361"}],"version-history":[{"count":1,"href":"https:\/\/www.yoga-ac.eu\/cs\/wp-json\/wp\/v2\/pages\/361\/revisions"}],"predecessor-version":[{"id":368,"href":"https:\/\/www.yoga-ac.eu\/cs\/wp-json\/wp\/v2\/pages\/361\/revisions\/368"}],"wp:attachment":[{"href":"https:\/\/www.yoga-ac.eu\/cs\/wp-json\/wp\/v2\/media?parent=361"}],"curies":[{"name":"wp","href":"https:\/\/api.w.org\/{rel}","templated":true}]}}