{"id":1766,"date":"2025-04-12T22:51:54","date_gmt":"2025-04-12T22:51:54","guid":{"rendered":"https:\/\/www.yoga-ac.eu\/international-yoga-academy-pn\/"},"modified":"2025-04-13T10:48:29","modified_gmt":"2025-04-13T10:48:29","slug":"international-yoga-academy-pn","status":"publish","type":"page","link":"https:\/\/www.yoga-ac.eu\/de\/","title":{"rendered":"International Yoga Academy PN"},"content":{"rendered":"<p><div class=\"fusion-fullwidth fullwidth-box fusion-builder-row-1 hundred-percent-fullwidth non-hundred-percent-height-scrolling\"  style='background-color: rgba(255,255,255,0);background-position: center center;background-repeat: no-repeat;padding-top:0px;padding-right:0px;padding-bottom:0px;padding-left:0px;'><div class=\"fusion-builder-row fusion-row \"><div  class=\"fusion-layout-column fusion_builder_column fusion_builder_column_1_1 fusion-builder-column-0 fusion-one-full fusion-column-first fusion-column-last 1_1\"  style='margin-top:0px;margin-bottom:20px;'><div class=\"fusion-column-wrapper\" style=\"padding: 0px 0px 0px 0px;background-position:left top;background-repeat:no-repeat;-webkit-background-size:cover;-moz-background-size:cover;-o-background-size:cover;background-size:cover;\"   data-bg-url=\"\"><div class=\"fusion-menu-anchor\" id=\"Main Manu\"><\/div><script type=\"text\/javascript\">jQuery(function() { _initLayerSlider( '#layerslider_1_pzxd5w5hfsha', {createdWith: '7.9.6', sliderVersion: '7.9.6', type: 'fullwidth', skin: 'v6', useSrcset: true, skinsPath: 'https:\/\/www.yoga-ac.eu\/wp-content\/plugins\/LayerSlider\/assets\/static\/layerslider\/skins\/', performanceMode: true}); });<\/script><link href=\"https:\/\/fonts.googleapis.com\/css?family=Roboto+Slab:100,100i,200,200i,300,300i,400,400i,500,500i,600,600i,700,700i,800,800i,900,900i\" rel=\"stylesheet\"><div id=\"layerslider_1_pzxd5w5hfsha\" class=\"ls-wp-container fitvidsignore\" style=\"width:2100px;height:1040px;margin:0 auto;\"><div class=\"ls-slide\" ><img loading=\"lazy\" decoding=\"async\" width=\"2100\" height=\"1040\" src=\"https:\/\/www.yoga-ac.eu\/wp-content\/uploads\/2023\/12\/international-yoga-academy-pn-3-1.jpg\" class=\"ls-l ls-img-layer\" alt=\"\" srcset=\"https:\/\/www.yoga-ac.eu\/wp-content\/uploads\/2023\/12\/international-yoga-academy-pn-3-1-200x99.jpg 200w, https:\/\/www.yoga-ac.eu\/wp-content\/uploads\/2023\/12\/international-yoga-academy-pn-3-1-300x149.jpg 300w, https:\/\/www.yoga-ac.eu\/wp-content\/uploads\/2023\/12\/international-yoga-academy-pn-3-1-400x198.jpg 400w, https:\/\/www.yoga-ac.eu\/wp-content\/uploads\/2023\/12\/international-yoga-academy-pn-3-1-600x297.jpg 600w, https:\/\/www.yoga-ac.eu\/wp-content\/uploads\/2023\/12\/international-yoga-academy-pn-3-1-768x380.jpg 768w, https:\/\/www.yoga-ac.eu\/wp-content\/uploads\/2023\/12\/international-yoga-academy-pn-3-1-800x396.jpg 800w, https:\/\/www.yoga-ac.eu\/wp-content\/uploads\/2023\/12\/international-yoga-academy-pn-3-1-1024x507.jpg 1024w, https:\/\/www.yoga-ac.eu\/wp-content\/uploads\/2023\/12\/international-yoga-academy-pn-3-1-1200x594.jpg 1200w, https:\/\/www.yoga-ac.eu\/wp-content\/uploads\/2023\/12\/international-yoga-academy-pn-3-1-1536x761.jpg 1536w, https:\/\/www.yoga-ac.eu\/wp-content\/uploads\/2023\/12\/international-yoga-academy-pn-3-1.jpg 2100w\" sizes=\"auto, (max-width: 2100px) 100vw, 2100px\" style=\"\"><ls-layer style=\"top:313px;left:854px;background-color:rgba(0, 0, 0, 0.38);color:#ffffff;padding-top:20px;padding-right:50px;padding-bottom:20px;padding-left:50px;font-family:'Roboto Slab';font-size:22px;text-align:center;\" class=\"ls-l ls-text-layer\">REGISTRATION NOW OPEN!<\/ls-layer><ls-layer style=\"top:424px;left:640px;background-color:rgba(0, 0, 0, 0.38);color:#ffffff;padding-top:20px;padding-right:50px;padding-bottom:20px;padding-left:50px;font-family:'Roboto Slab';font-size:51px;text-align:center;\" class=\"ls-l ls-text-layer\">Online Yoga Teacher Training<\/ls-layer><ls-layer style=\"padding-top:0.45em;padding-bottom:0.45em;padding-right:1.6em;padding-left:1.6em;font-weight:600;color:#fff;cursor:pointer;left:943px;top:591px;text-align:center;text-transform:uppercase;border-width:0.25em;border-color:#fff;font-size:22px;\" class=\"ls-l ls-button-layer\">READ MORE<\/ls-layer><\/div><\/div><div class=\"fusion-clearfix\"><\/div><\/div><\/div><\/div><\/div><style type=\"text\/css\">.fusion-fullwidth.fusion-builder-row-1 a:not(.fusion-button):not(.fusion-builder-module-control):not(.fusion-social-network-icon):not(.fb-icon-element):not(.fusion-countdown-link):not(.fusion-rollover-link):not(.fusion-rollover-gallery):not(.fusion-button-bar):not(.add_to_cart_button):not(.show_details_button):not(.product_type_external):not(.fusion-quick-view):not(.fusion-rollover-title-link):not(.fusion-breadcrumb-link) , .fusion-fullwidth.fusion-builder-row-1 a:not(.fusion-button):not(.fusion-builder-module-control):not(.fusion-social-network-icon):not(.fb-icon-element):not(.fusion-countdown-link):not(.fusion-rollover-link):not(.fusion-rollover-gallery):not(.fusion-button-bar):not(.add_to_cart_button):not(.show_details_button):not(.product_type_external):not(.fusion-quick-view):not(.fusion-rollover-title-link):not(.fusion-breadcrumb-link):before, .fusion-fullwidth.fusion-builder-row-1 a:not(.fusion-button):not(.fusion-builder-module-control):not(.fusion-social-network-icon):not(.fb-icon-element):not(.fusion-countdown-link):not(.fusion-rollover-link):not(.fusion-rollover-gallery):not(.fusion-button-bar):not(.add_to_cart_button):not(.show_details_button):not(.product_type_external):not(.fusion-quick-view):not(.fusion-rollover-title-link):not(.fusion-breadcrumb-link):after {color: #2901ba;}.fusion-fullwidth.fusion-builder-row-1 a:not(.fusion-button):not(.fusion-builder-module-control):not(.fusion-social-network-icon):not(.fb-icon-element):not(.fusion-countdown-link):not(.fusion-rollover-link):not(.fusion-rollover-gallery):not(.fusion-button-bar):not(.add_to_cart_button):not(.show_details_button):not(.product_type_external):not(.fusion-quick-view):not(.fusion-rollover-title-link):not(.fusion-breadcrumb-link):hover, .fusion-fullwidth.fusion-builder-row-1 a:not(.fusion-button):not(.fusion-builder-module-control):not(.fusion-social-network-icon):not(.fb-icon-element):not(.fusion-countdown-link):not(.fusion-rollover-link):not(.fusion-rollover-gallery):not(.fusion-button-bar):not(.add_to_cart_button):not(.show_details_button):not(.product_type_external):not(.fusion-quick-view):not(.fusion-rollover-title-link):not(.fusion-breadcrumb-link):hover:before, .fusion-fullwidth.fusion-builder-row-1 a:not(.fusion-button):not(.fusion-builder-module-control):not(.fusion-social-network-icon):not(.fb-icon-element):not(.fusion-countdown-link):not(.fusion-rollover-link):not(.fusion-rollover-gallery):not(.fusion-button-bar):not(.add_to_cart_button):not(.show_details_button):not(.product_type_external):not(.fusion-quick-view):not(.fusion-rollover-title-link):not(.fusion-breadcrumb-link):hover:after {color: #72188f;}.fusion-fullwidth.fusion-builder-row-1 .pagination a.inactive:hover, .fusion-fullwidth.fusion-builder-row-1 .fusion-filters .fusion-filter.fusion-active a {border-color: #72188f;}.fusion-fullwidth.fusion-builder-row-1 .pagination .current {border-color: #72188f; background-color: #72188f;}.fusion-fullwidth.fusion-builder-row-1 .fusion-filters .fusion-filter.fusion-active a, .fusion-fullwidth.fusion-builder-row-1 .fusion-date-and-formats .fusion-format-box, .fusion-fullwidth.fusion-builder-row-1 .fusion-popover, .fusion-fullwidth.fusion-builder-row-1 .tooltip-shortcode {color: #72188f;}#main .fusion-fullwidth.fusion-builder-row-1 .post .blog-shortcode-post-title a:hover {color: #72188f;}<\/style><div class=\"fusion-fullwidth fullwidth-box fusion-builder-row-2 nonhundred-percent-fullwidth non-hundred-percent-height-scrolling\"  style='background-color: rgba(255,255,255,0);background-position: center center;background-repeat: no-repeat;padding-top:0px;padding-right:0px;padding-bottom:0px;padding-left:0px;'><div class=\"fusion-builder-row fusion-row \"><div  class=\"fusion-layout-column fusion_builder_column fusion_builder_column_1_1 fusion-builder-column-1 fusion-one-full fusion-column-first fusion-column-last 1_1\"  style='margin-top:0px;margin-bottom:20px;'><div class=\"fusion-column-wrapper\" style=\"padding: 0px 0px 0px 0px;background-position:left top;background-repeat:no-repeat;-webkit-background-size:cover;-moz-background-size:cover;-o-background-size:cover;background-size:cover;\"   data-bg-url=\"\"><style type=\"text\/css\">@media only screen and (max-width:800px) {.fusion-title.fusion-title-1{margin-top:10px!important;margin-bottom:10px!important;}}<\/style><div class=\"fusion-title title fusion-title-1 fusion-title-center fusion-title-text fusion-title-size-one\" style=\"margin-top:7px;margin-bottom:7px;\"><div class=\"title-sep-container title-sep-container-left\"><div class=\"title-sep sep-double sep-solid\" style=\"border-color:#f21fb3;\"><\/div><\/div><h1 class=\"title-heading-center\" style=\"margin:0;\"><p style=\"text-align: center;\">INTERNATIONALE YOGA-AKADEMIE PN<\/p><\/h1><div class=\"title-sep-container title-sep-container-right\"><div class=\"title-sep sep-double sep-solid\" style=\"border-color:#f21fb3;\"><\/div><\/div><\/div><div class=\"fusion-text\"><p style=\"text-align: center;\">INTENSIVAUSBILDUNG F\u00dcR YOGA-TRAINER 200 h<\/p>\n<\/div><div class=\"fusion-sep-clear\"><\/div><div class=\"fusion-separator fusion-full-width-sep sep-double sep-solid\" style=\"border-color:#f720bd;border-top-width:1px;border-bottom-width:1px;margin-left: auto;margin-right: auto;margin-top:;\"><\/div><div class=\"fusion-text\"><p style=\"text-align: center;\">Die International Yoga Academy (IYA) versammelt Yoga-Experten aus der ganzen Welt, um zur Verbesserung der Yoga-Standards beizutragen.<\/p>\n<p>IYA-Mitglieder haben das Recht auf Bildung, professionelle Unterst\u00fctzung und Teilnahme an allen IYA-Aktivit\u00e4ten.<\/p>\n<h2 style=\"text-align: center;\"><b>Yoga<\/b>\u00a0<b>Ausbildung<\/b><\/h2>\n<\/p>\n<p style=\"text-align: center;\">Sind Sie bereit, in die Welt der Selbstentwicklung einzutauchen?<br \/>\nIm Europ\u00e4ischen Tempel des Lichts des Yoga werden Programme f\u00fcr die<br \/>\nGrundausbildung angeboten:<br \/>\n\u2022 Yoga- Trainer (200 Stunden)<br \/>\n\u2022 Yoga-Lehrer (550 Stunden)<\/p>\n<\/p>\n<p style=\"text-align: center;\">INTENSIVAUSBILDUNG F\u00dcR YOGA-TRAINER 200 h<br \/>\n17 oder 25 TAGE MIT AUFENTHALT IM ASHRAM EHSJ<\/p>\n<\/p>\n<p style=\"text-align: center;\">Ein intensives und umfassendes ganzt\u00e4giges Lernprogramm erwartet<br \/>\nSie, das theoretisches Wissen mit praktischen F\u00e4higkeiten verbindet.<br \/>\nUnsere Dozenten, darunter Doktoren und Magister der Wissenschaften,<br \/>\nteilen ihr umfangreiches akademisches Wissen und ihre berufliche<br \/>\nErfahrung, sodass die Teilnehmer ein tiefes Verst\u00e4ndnis f\u00fcr Yoga<br \/>\nerlangen k\u00f6nnen.<\/p>\n<\/p>\n<p style=\"text-align: center;\">Das Programm dauert 25 Tage und findet im Europ\u00e4ischen Tempel des<br \/>\nLichts des Yoga statt. Sie k\u00f6nnen zwischen 17 Tagen Aufenthalt im<br \/>\nAshram mit 8 Tagen Online-Unterricht oder einem durchgehenden 25-<br \/>\nt\u00e4gigen Aufenthalt im Ashram w\u00e4hlen.<\/p>\n<\/p>\n<p style=\"text-align: center;\"><img loading=\"lazy\" decoding=\"async\" class=\"aligncenter wp-image-40 size-fusion-600\" src=\"https:\/\/www.yoga-ac.eu\/wp-content\/uploads\/2018\/07\/international-yoga-academy-pn-1-600x292.jpg\" alt=\"international yoga academy pn\" width=\"600\" height=\"292\" srcset=\"https:\/\/www.yoga-ac.eu\/wp-content\/uploads\/2018\/07\/international-yoga-academy-pn-1-200x97.jpg 200w, https:\/\/www.yoga-ac.eu\/wp-content\/uploads\/2018\/07\/international-yoga-academy-pn-1-300x146.jpg 300w, https:\/\/www.yoga-ac.eu\/wp-content\/uploads\/2018\/07\/international-yoga-academy-pn-1-400x195.jpg 400w, https:\/\/www.yoga-ac.eu\/wp-content\/uploads\/2018\/07\/international-yoga-academy-pn-1-600x292.jpg 600w, https:\/\/www.yoga-ac.eu\/wp-content\/uploads\/2018\/07\/international-yoga-academy-pn-1-768x374.jpg 768w, https:\/\/www.yoga-ac.eu\/wp-content\/uploads\/2018\/07\/international-yoga-academy-pn-1-800x390.jpg 800w, https:\/\/www.yoga-ac.eu\/wp-content\/uploads\/2018\/07\/international-yoga-academy-pn-1-1024x499.jpg 1024w, https:\/\/www.yoga-ac.eu\/wp-content\/uploads\/2018\/07\/international-yoga-academy-pn-1-1200x585.jpg 1200w, https:\/\/www.yoga-ac.eu\/wp-content\/uploads\/2018\/07\/international-yoga-academy-pn-1.jpg 1613w\" sizes=\"auto, (max-width: 600px) 100vw, 600px\" \/><\/p>\n<h3 style=\"text-align: center;\">Verfahren<\/h3>\n<\/p>\n<p style=\"text-align: center;\">Das Programm basiert auf klassischen Yoga-Texten, darunter die Yoga<br \/>\nUpanishaden, die Hatha Yoga Pradipika, die Gheranda Samhita und die<br \/>\nYogasutras von Patanjali, erg\u00e4nzt durch die pers\u00f6nliche Erfahrung und<br \/>\ndas Wissen von Prof. Dr. Predrag Niki\u0107.<\/p>\n<h3 style=\"text-align: center;\">Akademischer Ansatz<\/h3>\n<\/p>\n<p style=\"text-align: center;\">Erwerben Sie theoretisches Wissen und praktische F\u00e4higkeiten, die Sie<br \/>\nzur Bewusstwerdung Ihrer eigenen Potenziale, zum tiefen Verst\u00e4ndnis,<br \/>\nzur inneren Integration und zur Anwendung des durch Erfahrung<br \/>\ngewonnenen Wissens f\u00fchren.<\/p>\n<\/p>\n<p style=\"text-align: center;\">Professionelle Unterst\u00fctzung<\/p>\n<\/p>\n<p style=\"text-align: center;\">Mitglieder erhalten professionelle Unterst\u00fctzung in Form von Expertenberatungen zu ihren Yoga-Aktivit\u00e4ten.<\/p>\n<\/p>\n<p style=\"text-align: center;\">Teilnahme an den Aktivit\u00e4ten<\/p>\n<\/p>\n<p style=\"text-align: center;\">Alle IYA-Mitglieder nehmen an den Aktivit\u00e4ten gem\u00e4\u00df dem f\u00fcr das laufende Jahr verabschiedeten Veranstaltungskalender teil.<\/p>\n<\/div><div class=\"fusion-clearfix\"><\/div><\/div><\/div><\/div><\/div><style type=\"text\/css\">.fusion-fullwidth.fusion-builder-row-2 a:not(.fusion-button):not(.fusion-builder-module-control):not(.fusion-social-network-icon):not(.fb-icon-element):not(.fusion-countdown-link):not(.fusion-rollover-link):not(.fusion-rollover-gallery):not(.fusion-button-bar):not(.add_to_cart_button):not(.show_details_button):not(.product_type_external):not(.fusion-quick-view):not(.fusion-rollover-title-link):not(.fusion-breadcrumb-link) , .fusion-fullwidth.fusion-builder-row-2 a:not(.fusion-button):not(.fusion-builder-module-control):not(.fusion-social-network-icon):not(.fb-icon-element):not(.fusion-countdown-link):not(.fusion-rollover-link):not(.fusion-rollover-gallery):not(.fusion-button-bar):not(.add_to_cart_button):not(.show_details_button):not(.product_type_external):not(.fusion-quick-view):not(.fusion-rollover-title-link):not(.fusion-breadcrumb-link):before, .fusion-fullwidth.fusion-builder-row-2 a:not(.fusion-button):not(.fusion-builder-module-control):not(.fusion-social-network-icon):not(.fb-icon-element):not(.fusion-countdown-link):not(.fusion-rollover-link):not(.fusion-rollover-gallery):not(.fusion-button-bar):not(.add_to_cart_button):not(.show_details_button):not(.product_type_external):not(.fusion-quick-view):not(.fusion-rollover-title-link):not(.fusion-breadcrumb-link):after {color: #2901ba;}.fusion-fullwidth.fusion-builder-row-2 a:not(.fusion-button):not(.fusion-builder-module-control):not(.fusion-social-network-icon):not(.fb-icon-element):not(.fusion-countdown-link):not(.fusion-rollover-link):not(.fusion-rollover-gallery):not(.fusion-button-bar):not(.add_to_cart_button):not(.show_details_button):not(.product_type_external):not(.fusion-quick-view):not(.fusion-rollover-title-link):not(.fusion-breadcrumb-link):hover, .fusion-fullwidth.fusion-builder-row-2 a:not(.fusion-button):not(.fusion-builder-module-control):not(.fusion-social-network-icon):not(.fb-icon-element):not(.fusion-countdown-link):not(.fusion-rollover-link):not(.fusion-rollover-gallery):not(.fusion-button-bar):not(.add_to_cart_button):not(.show_details_button):not(.product_type_external):not(.fusion-quick-view):not(.fusion-rollover-title-link):not(.fusion-breadcrumb-link):hover:before, .fusion-fullwidth.fusion-builder-row-2 a:not(.fusion-button):not(.fusion-builder-module-control):not(.fusion-social-network-icon):not(.fb-icon-element):not(.fusion-countdown-link):not(.fusion-rollover-link):not(.fusion-rollover-gallery):not(.fusion-button-bar):not(.add_to_cart_button):not(.show_details_button):not(.product_type_external):not(.fusion-quick-view):not(.fusion-rollover-title-link):not(.fusion-breadcrumb-link):hover:after {color: #72188f;}.fusion-fullwidth.fusion-builder-row-2 .pagination a.inactive:hover, .fusion-fullwidth.fusion-builder-row-2 .fusion-filters .fusion-filter.fusion-active a {border-color: #72188f;}.fusion-fullwidth.fusion-builder-row-2 .pagination .current {border-color: #72188f; background-color: #72188f;}.fusion-fullwidth.fusion-builder-row-2 .fusion-filters .fusion-filter.fusion-active a, .fusion-fullwidth.fusion-builder-row-2 .fusion-date-and-formats .fusion-format-box, .fusion-fullwidth.fusion-builder-row-2 .fusion-popover, .fusion-fullwidth.fusion-builder-row-2 .tooltip-shortcode {color: #72188f;}#main .fusion-fullwidth.fusion-builder-row-2 .post .blog-shortcode-post-title a:hover {color: #72188f;}<\/style><\/p>\n","protected":false},"excerpt":{"rendered":"","protected":false},"author":1,"featured_media":0,"parent":0,"menu_order":0,"comment_status":"closed","ping_status":"closed","template":"100-width.php","meta":{"footnotes":""},"class_list":["post-1766","page","type-page","status-publish","hentry"],"yoast_head":"<!-- This site is optimized with the Yoast SEO plugin v27.4 - https:\/\/yoast.com\/product\/yoast-seo-wordpress\/ -->\n<title>International Yoga Academy PN - yoga-ac.eu<\/title>\n<meta name=\"description\" content=\"INTENSIVAUSBILDUNG F\u00dcR YOGA-TRAINER 200 h 17 oder 25 TAGE MIT AUFENTHALT IM ASHRAM EHSJ\" \/>\n<meta name=\"robots\" content=\"index, follow, max-snippet:-1, max-image-preview:large, max-video-preview:-1\" \/>\n<link rel=\"canonical\" href=\"https:\/\/www.yoga-ac.eu\/\" \/>\n<meta property=\"og:locale\" content=\"de_DE\" \/>\n<meta property=\"og:type\" content=\"article\" \/>\n<meta property=\"og:title\" content=\"International Yoga Academy PN - yoga-ac.eu\" \/>\n<meta property=\"og:description\" content=\"INTENSIVAUSBILDUNG F\u00dcR YOGA-TRAINER 200 h 17 oder 25 TAGE MIT AUFENTHALT IM ASHRAM EHSJ\" \/>\n<meta property=\"og:url\" content=\"https:\/\/www.yoga-ac.eu\/\" \/>\n<meta property=\"og:site_name\" content=\"yoga-ac.eu\" \/>\n<meta property=\"article:modified_time\" content=\"2025-04-13T10:48:29+00:00\" \/>\n<meta property=\"og:image\" content=\"https:\/\/www.yoga-ac.eu\/wp-content\/uploads\/2018\/07\/international-yoga-academy-pn-1-600x292.jpg\" \/>\n<meta name=\"twitter:card\" content=\"summary_large_image\" \/>\n<meta name=\"twitter:label1\" content=\"Gesch\u00e4tzte Lesezeit\" \/>\n\t<meta name=\"twitter:data1\" content=\"5\u00a0Minuten\" \/>\n<script type=\"application\/ld+json\" class=\"yoast-schema-graph\">{\"@context\":\"https:\\\/\\\/schema.org\",\"@graph\":[{\"@type\":\"WebPage\",\"@id\":\"https:\\\/\\\/www.yoga-ac.eu\\\/\",\"url\":\"https:\\\/\\\/www.yoga-ac.eu\\\/\",\"name\":\"International Yoga Academy PN - yoga-ac.eu\",\"isPartOf\":{\"@id\":\"https:\\\/\\\/www.yoga-ac.eu\\\/#website\"},\"primaryImageOfPage\":{\"@id\":\"https:\\\/\\\/www.yoga-ac.eu\\\/#primaryimage\"},\"image\":{\"@id\":\"https:\\\/\\\/www.yoga-ac.eu\\\/#primaryimage\"},\"thumbnailUrl\":\"https:\\\/\\\/www.yoga-ac.eu\\\/wp-content\\\/uploads\\\/2018\\\/07\\\/international-yoga-academy-pn-1-600x292.jpg\",\"datePublished\":\"2025-04-12T22:51:54+00:00\",\"dateModified\":\"2025-04-13T10:48:29+00:00\",\"description\":\"INTENSIVAUSBILDUNG F\u00dcR YOGA-TRAINER 200 h 17 oder 25 TAGE MIT AUFENTHALT IM ASHRAM EHSJ\",\"breadcrumb\":{\"@id\":\"https:\\\/\\\/www.yoga-ac.eu\\\/#breadcrumb\"},\"inLanguage\":\"de\",\"potentialAction\":[{\"@type\":\"ReadAction\",\"target\":[\"https:\\\/\\\/www.yoga-ac.eu\\\/\"]}]},{\"@type\":\"ImageObject\",\"inLanguage\":\"de\",\"@id\":\"https:\\\/\\\/www.yoga-ac.eu\\\/#primaryimage\",\"url\":\"https:\\\/\\\/www.yoga-ac.eu\\\/wp-content\\\/uploads\\\/2018\\\/07\\\/international-yoga-academy-pn-1-600x292.jpg\",\"contentUrl\":\"https:\\\/\\\/www.yoga-ac.eu\\\/wp-content\\\/uploads\\\/2018\\\/07\\\/international-yoga-academy-pn-1-600x292.jpg\"},{\"@type\":\"BreadcrumbList\",\"@id\":\"https:\\\/\\\/www.yoga-ac.eu\\\/#breadcrumb\",\"itemListElement\":[{\"@type\":\"ListItem\",\"position\":1,\"name\":\"Home\",\"item\":\"https:\\\/\\\/www.yoga-ac.eu\\\/\"},{\"@type\":\"ListItem\",\"position\":2,\"name\":\"International Yoga Academy PN\"}]},{\"@type\":\"WebSite\",\"@id\":\"https:\\\/\\\/www.yoga-ac.eu\\\/#website\",\"url\":\"https:\\\/\\\/www.yoga-ac.eu\\\/\",\"name\":\"yoga-ac.eu\",\"description\":\"Yoga Teacher Training &amp; Yoga Retreats\",\"potentialAction\":[{\"@type\":\"SearchAction\",\"target\":{\"@type\":\"EntryPoint\",\"urlTemplate\":\"https:\\\/\\\/www.yoga-ac.eu\\\/?s={search_term_string}\"},\"query-input\":{\"@type\":\"PropertyValueSpecification\",\"valueRequired\":true,\"valueName\":\"search_term_string\"}}],\"inLanguage\":\"de\"}]}<\/script>\n<!-- \/ Yoast SEO plugin. -->","yoast_head_json":{"title":"International Yoga Academy PN - yoga-ac.eu","description":"INTENSIVAUSBILDUNG F\u00dcR YOGA-TRAINER 200 h 17 oder 25 TAGE MIT AUFENTHALT IM ASHRAM EHSJ","robots":{"index":"index","follow":"follow","max-snippet":"max-snippet:-1","max-image-preview":"max-image-preview:large","max-video-preview":"max-video-preview:-1"},"canonical":"https:\/\/www.yoga-ac.eu\/","og_locale":"de_DE","og_type":"article","og_title":"International Yoga Academy PN - yoga-ac.eu","og_description":"INTENSIVAUSBILDUNG F\u00dcR YOGA-TRAINER 200 h 17 oder 25 TAGE MIT AUFENTHALT IM ASHRAM EHSJ","og_url":"https:\/\/www.yoga-ac.eu\/","og_site_name":"yoga-ac.eu","article_modified_time":"2025-04-13T10:48:29+00:00","og_image":[{"url":"https:\/\/www.yoga-ac.eu\/wp-content\/uploads\/2018\/07\/international-yoga-academy-pn-1-600x292.jpg","type":"","width":"","height":""}],"twitter_card":"summary_large_image","twitter_misc":{"Gesch\u00e4tzte Lesezeit":"5\u00a0Minuten"},"schema":{"@context":"https:\/\/schema.org","@graph":[{"@type":"WebPage","@id":"https:\/\/www.yoga-ac.eu\/","url":"https:\/\/www.yoga-ac.eu\/","name":"International Yoga Academy PN - yoga-ac.eu","isPartOf":{"@id":"https:\/\/www.yoga-ac.eu\/#website"},"primaryImageOfPage":{"@id":"https:\/\/www.yoga-ac.eu\/#primaryimage"},"image":{"@id":"https:\/\/www.yoga-ac.eu\/#primaryimage"},"thumbnailUrl":"https:\/\/www.yoga-ac.eu\/wp-content\/uploads\/2018\/07\/international-yoga-academy-pn-1-600x292.jpg","datePublished":"2025-04-12T22:51:54+00:00","dateModified":"2025-04-13T10:48:29+00:00","description":"INTENSIVAUSBILDUNG F\u00dcR YOGA-TRAINER 200 h 17 oder 25 TAGE MIT AUFENTHALT IM ASHRAM EHSJ","breadcrumb":{"@id":"https:\/\/www.yoga-ac.eu\/#breadcrumb"},"inLanguage":"de","potentialAction":[{"@type":"ReadAction","target":["https:\/\/www.yoga-ac.eu\/"]}]},{"@type":"ImageObject","inLanguage":"de","@id":"https:\/\/www.yoga-ac.eu\/#primaryimage","url":"https:\/\/www.yoga-ac.eu\/wp-content\/uploads\/2018\/07\/international-yoga-academy-pn-1-600x292.jpg","contentUrl":"https:\/\/www.yoga-ac.eu\/wp-content\/uploads\/2018\/07\/international-yoga-academy-pn-1-600x292.jpg"},{"@type":"BreadcrumbList","@id":"https:\/\/www.yoga-ac.eu\/#breadcrumb","itemListElement":[{"@type":"ListItem","position":1,"name":"Home","item":"https:\/\/www.yoga-ac.eu\/"},{"@type":"ListItem","position":2,"name":"International Yoga Academy PN"}]},{"@type":"WebSite","@id":"https:\/\/www.yoga-ac.eu\/#website","url":"https:\/\/www.yoga-ac.eu\/","name":"yoga-ac.eu","description":"Yoga Teacher Training &amp; Yoga Retreats","potentialAction":[{"@type":"SearchAction","target":{"@type":"EntryPoint","urlTemplate":"https:\/\/www.yoga-ac.eu\/?s={search_term_string}"},"query-input":{"@type":"PropertyValueSpecification","valueRequired":true,"valueName":"search_term_string"}}],"inLanguage":"de"}]}},"_links":{"self":[{"href":"https:\/\/www.yoga-ac.eu\/de\/wp-json\/wp\/v2\/pages\/1766","targetHints":{"allow":["GET"]}}],"collection":[{"href":"https:\/\/www.yoga-ac.eu\/de\/wp-json\/wp\/v2\/pages"}],"about":[{"href":"https:\/\/www.yoga-ac.eu\/de\/wp-json\/wp\/v2\/types\/page"}],"author":[{"embeddable":true,"href":"https:\/\/www.yoga-ac.eu\/de\/wp-json\/wp\/v2\/users\/1"}],"replies":[{"embeddable":true,"href":"https:\/\/www.yoga-ac.eu\/de\/wp-json\/wp\/v2\/comments?post=1766"}],"version-history":[{"count":17,"href":"https:\/\/www.yoga-ac.eu\/de\/wp-json\/wp\/v2\/pages\/1766\/revisions"}],"predecessor-version":[{"id":1783,"href":"https:\/\/www.yoga-ac.eu\/de\/wp-json\/wp\/v2\/pages\/1766\/revisions\/1783"}],"wp:attachment":[{"href":"https:\/\/www.yoga-ac.eu\/de\/wp-json\/wp\/v2\/media?parent=1766"}],"curies":[{"name":"wp","href":"https:\/\/api.w.org\/{rel}","templated":true}]}}