{"id":2038,"date":"2025-05-02T17:04:48","date_gmt":"2025-05-02T17:04:48","guid":{"rendered":"https:\/\/www.yoga-ac.eu\/datenschutzerklaerungwillkommen-auf-der-website-www-yoga-ac-eu-diese-datenschutzerklaerung-beschreibt-wie-die-international-yoga-academy-und-das-europaeische-haus-des-lichts-des-yoga-informationen\/"},"modified":"2025-05-02T17:07:18","modified_gmt":"2025-05-02T17:07:18","slug":"datenschutzerklaerungwillkommen-auf-der-website-www-yoga-ac-eu-diese-datenschutzerklaerung-beschreibt-wie-die-international-yoga-academy-und-das-europaeische-haus-des-lichts-des-yoga-informationen","status":"publish","type":"page","link":"https:\/\/www.yoga-ac.eu\/de\/datenschutzerklaerungwillkommen-auf-der-website-www-yoga-ac-eu-diese-datenschutzerklaerung-beschreibt-wie-die-international-yoga-academy-und-das-europaeische-haus-des-lichts-des-yoga-informationen\/","title":{"rendered":"Datenschutzerkl\u00e4rung"},"content":{"rendered":"<div class=\"fusion-fullwidth fullwidth-box fusion-builder-row-1 nonhundred-percent-fullwidth non-hundred-percent-height-scrolling\"  style='background-color: rgba(255,255,255,0);background-position: center center;background-repeat: no-repeat;padding-top:0px;padding-right:0px;padding-bottom:0px;padding-left:0px;'><div class=\"fusion-builder-row fusion-row \"><div  class=\"fusion-layout-column fusion_builder_column fusion_builder_column_1_1 fusion-builder-column-0 fusion-one-full fusion-column-first fusion-column-last 1_1\"  style='margin-top:0px;margin-bottom:20px;'><div class=\"fusion-column-wrapper\" style=\"padding: 0px 0px 0px 0px;background-position:left top;background-repeat:no-repeat;-webkit-background-size:cover;-moz-background-size:cover;-o-background-size:cover;background-size:cover;\"   data-bg-url=\"\"><div class=\"fusion-text\"><p class=\"\" data-start=\"110\" data-end=\"154\">Willkommen auf der Website <a class=\"\" href=\"http:\/\/www.yoga-ac.eu\" target=\"_new\" rel=\"noopener\" data-start=\"137\" data-end=\"151\">www.yoga-ac.eu<\/a>!<\/p>\n<\/p>\n<p class=\"\" data-start=\"156\" data-end=\"517\">Diese Datenschutzerkl\u00e4rung beschreibt, wie die <em data-start=\"203\" data-end=\"231\">International Yoga Academy<\/em> und das der <em data-start=\"327\" data-end=\"367\">Europ\u00e4ische Tempel des Lichts des Yoga<\/em>\u00a0Informationen \u00fcber Sie \u00fcber unsere Website <a class=\"\" href=\"http:\/\/www.yoga-ac.eu\" target=\"_new\" rel=\"noopener\" data-start=\"322\" data-end=\"336\">www.yoga-ac.eu<\/a> (die \u201eWebsite\u201c) erfassen, verwenden und weitergeben.<br data-start=\"389\" data-end=\"392\" \/>Bitte lesen Sie diese Datenschutzerkl\u00e4rung sorgf\u00e4ltig durch, um unsere Vorgehensweise im Umgang mit Ihren Daten zu verstehen.<\/p>\n<\/p>\n<hr class=\"\" data-start=\"519\" data-end=\"522\" \/>\n<p class=\"\" data-start=\"524\" data-end=\"553\"><strong data-start=\"524\" data-end=\"553\">Welche Daten wir erfassen<\/strong><\/p>\n<\/p>\n<p class=\"\" data-start=\"555\" data-end=\"781\"><strong data-start=\"555\" data-end=\"576\">Pers\u00f6nliche Daten<\/strong><br data-start=\"576\" data-end=\"579\" \/>Wir erfassen m\u00f6glicherweise pers\u00f6nliche Informationen, die Sie uns direkt zur Verf\u00fcgung stellen, wie z.\u202fB. Ihren Namen, Ihre E-Mail-Adresse und alle weiteren Informationen, die Sie freiwillig mitteilen.<\/p>\n<\/p>\n<p class=\"\" data-start=\"783\" data-end=\"1050\"><strong data-start=\"783\" data-end=\"813\">Automatisch erfasste Daten<\/strong><br data-start=\"813\" data-end=\"816\" \/>Wir erfassen m\u00f6glicherweise automatisch bestimmte Informationen \u00fcber Ihr Ger\u00e4t und Ihre Nutzungsgewohnheiten, wenn Sie unsere Website aufrufen oder verwenden. Dazu k\u00f6nnen Ihre IP-Adresse, der Browsertyp und das Betriebssystem geh\u00f6ren.<\/p>\n<\/p>\n<hr class=\"\" data-start=\"1052\" data-end=\"1055\" \/>\n<p class=\"\" data-start=\"1057\" data-end=\"1089\"><strong data-start=\"1057\" data-end=\"1089\">Wie wir Ihre Daten verwenden<\/strong><\/p>\n<\/p>\n<p class=\"\" data-start=\"1091\" data-end=\"1159\">Wir verwenden Ihre Informationen m\u00f6glicherweise f\u00fcr folgende Zwecke:<\/p>\n<ul data-start=\"1161\" data-end=\"1370\">\n<li class=\"\" data-start=\"1161\" data-end=\"1225\">\n<p class=\"\" data-start=\"1163\" data-end=\"1225\">Zur Bereitstellung, Wartung und Verbesserung unserer Website<\/p>\n<\/li>\n<li class=\"\" data-start=\"1226\" data-end=\"1326\">\n<p class=\"\" data-start=\"1228\" data-end=\"1326\">Zur Kommunikation mit Ihnen, zur Beantwortung Ihrer Anfragen und zum Versenden von Informationen<\/p>\n<\/li>\n<li class=\"\" data-start=\"1327\" data-end=\"1370\">\n<p class=\"\" data-start=\"1329\" data-end=\"1370\">Zur Analyse der Nutzung unserer Website<\/p>\n<\/li>\n<\/ul>\n<hr class=\"\" data-start=\"1372\" data-end=\"1375\" \/>\n<p class=\"\" data-start=\"1377\" data-end=\"1414\"><strong data-start=\"1377\" data-end=\"1414\">Cookies und \u00e4hnliche Technologien<\/strong><\/p>\n<\/p>\n<p class=\"\" data-start=\"1416\" data-end=\"1536\">Wir verwenden Cookies und \u00e4hnliche Technologien, um Informationen \u00fcber Ihre Aktivit\u00e4ten auf unserer Website zu erfassen.<\/p>\n<\/p>\n<hr class=\"\" data-start=\"1538\" data-end=\"1541\" \/>\n<p class=\"\" data-start=\"1543\" data-end=\"1569\"><strong data-start=\"1543\" data-end=\"1569\">Ihre Wahlm\u00f6glichkeiten<\/strong><\/p>\n<\/p>\n<p class=\"\" data-start=\"1571\" data-end=\"1643\">Sie k\u00f6nnen Ihre Cookie-Einstellungen verwalten und individuell anpassen.<\/p>\n<\/p>\n<hr class=\"\" data-start=\"1645\" data-end=\"1648\" \/>\n<p class=\"\" data-start=\"1650\" data-end=\"1677\"><strong data-start=\"1650\" data-end=\"1677\">Links zu Drittanbietern<\/strong><\/p>\n<\/p>\n<p class=\"\" data-start=\"1679\" data-end=\"1817\">Unsere Website kann Links zu Websites Dritter enthalten. F\u00fcr deren Datenschutzrichtlinien oder Inhalte \u00fcbernehmen wir keine Verantwortung.<\/p>\n<\/p>\n<hr class=\"\" data-start=\"1819\" data-end=\"1822\" \/>\n<p class=\"\" data-start=\"1824\" data-end=\"1843\"><strong data-start=\"1824\" data-end=\"1843\">Datensicherheit<\/strong><\/p>\n<\/p>\n<p class=\"\" data-start=\"1845\" data-end=\"1964\">Wir treffen angemessene Ma\u00dfnahmen, um Ihre personenbezogenen Daten vor unbefugtem Zugriff oder Offenlegung zu sch\u00fctzen.<\/p>\n<\/p>\n<hr class=\"\" data-start=\"1966\" data-end=\"1969\" \/>\n<p class=\"\" data-start=\"1971\" data-end=\"2013\"><strong data-start=\"1971\" data-end=\"2013\">\u00c4nderungen dieser Datenschutzerkl\u00e4rung<\/strong><\/p>\n<\/p>\n<p class=\"\" data-start=\"2015\" data-end=\"2193\">Wir k\u00f6nnen diese Datenschutzerkl\u00e4rung gelegentlich aktualisieren. Das \u201eZuletzt aktualisiert\u201c-Datum oben auf dieser Seite gibt an, wann diese Erkl\u00e4rung zuletzt \u00fcberarbeitet wurde.<\/p>\n<\/p>\n<hr class=\"\" data-start=\"2195\" data-end=\"2198\" \/>\n<p class=\"\" data-start=\"2200\" data-end=\"2211\"><strong data-start=\"2200\" data-end=\"2211\">Kontakt<\/strong><\/p>\n<\/p>\n<p class=\"\" data-start=\"2213\" data-end=\"2344\">Wenn Sie Fragen oder Bedenken zu dieser Datenschutzerkl\u00e4rung haben, kontaktieren Sie uns bitte unter:<br data-start=\"2314\" data-end=\"2317\" \/>\ud83d\udce9 <a rel=\"noopener\" data-start=\"2320\" data-end=\"2342\">yogalight.eu@gmail.com<\/a><\/p>\n<\/div><div class=\"fusion-clearfix\"><\/div><\/div><\/div><\/div><\/div><style type=\"text\/css\">.fusion-fullwidth.fusion-builder-row-1 a:not(.fusion-button):not(.fusion-builder-module-control):not(.fusion-social-network-icon):not(.fb-icon-element):not(.fusion-countdown-link):not(.fusion-rollover-link):not(.fusion-rollover-gallery):not(.fusion-button-bar):not(.add_to_cart_button):not(.show_details_button):not(.product_type_external):not(.fusion-quick-view):not(.fusion-rollover-title-link):not(.fusion-breadcrumb-link) , .fusion-fullwidth.fusion-builder-row-1 a:not(.fusion-button):not(.fusion-builder-module-control):not(.fusion-social-network-icon):not(.fb-icon-element):not(.fusion-countdown-link):not(.fusion-rollover-link):not(.fusion-rollover-gallery):not(.fusion-button-bar):not(.add_to_cart_button):not(.show_details_button):not(.product_type_external):not(.fusion-quick-view):not(.fusion-rollover-title-link):not(.fusion-breadcrumb-link):before, .fusion-fullwidth.fusion-builder-row-1 a:not(.fusion-button):not(.fusion-builder-module-control):not(.fusion-social-network-icon):not(.fb-icon-element):not(.fusion-countdown-link):not(.fusion-rollover-link):not(.fusion-rollover-gallery):not(.fusion-button-bar):not(.add_to_cart_button):not(.show_details_button):not(.product_type_external):not(.fusion-quick-view):not(.fusion-rollover-title-link):not(.fusion-breadcrumb-link):after {color: #2901ba;}.fusion-fullwidth.fusion-builder-row-1 a:not(.fusion-button):not(.fusion-builder-module-control):not(.fusion-social-network-icon):not(.fb-icon-element):not(.fusion-countdown-link):not(.fusion-rollover-link):not(.fusion-rollover-gallery):not(.fusion-button-bar):not(.add_to_cart_button):not(.show_details_button):not(.product_type_external):not(.fusion-quick-view):not(.fusion-rollover-title-link):not(.fusion-breadcrumb-link):hover, .fusion-fullwidth.fusion-builder-row-1 a:not(.fusion-button):not(.fusion-builder-module-control):not(.fusion-social-network-icon):not(.fb-icon-element):not(.fusion-countdown-link):not(.fusion-rollover-link):not(.fusion-rollover-gallery):not(.fusion-button-bar):not(.add_to_cart_button):not(.show_details_button):not(.product_type_external):not(.fusion-quick-view):not(.fusion-rollover-title-link):not(.fusion-breadcrumb-link):hover:before, .fusion-fullwidth.fusion-builder-row-1 a:not(.fusion-button):not(.fusion-builder-module-control):not(.fusion-social-network-icon):not(.fb-icon-element):not(.fusion-countdown-link):not(.fusion-rollover-link):not(.fusion-rollover-gallery):not(.fusion-button-bar):not(.add_to_cart_button):not(.show_details_button):not(.product_type_external):not(.fusion-quick-view):not(.fusion-rollover-title-link):not(.fusion-breadcrumb-link):hover:after {color: #72188f;}.fusion-fullwidth.fusion-builder-row-1 .pagination a.inactive:hover, .fusion-fullwidth.fusion-builder-row-1 .fusion-filters .fusion-filter.fusion-active a {border-color: #72188f;}.fusion-fullwidth.fusion-builder-row-1 .pagination .current {border-color: #72188f; background-color: #72188f;}.fusion-fullwidth.fusion-builder-row-1 .fusion-filters .fusion-filter.fusion-active a, .fusion-fullwidth.fusion-builder-row-1 .fusion-date-and-formats .fusion-format-box, .fusion-fullwidth.fusion-builder-row-1 .fusion-popover, .fusion-fullwidth.fusion-builder-row-1 .tooltip-shortcode {color: #72188f;}#main .fusion-fullwidth.fusion-builder-row-1 .post .blog-shortcode-post-title a:hover {color: #72188f;}<\/style>\n","protected":false},"excerpt":{"rendered":"","protected":false},"author":1,"featured_media":0,"parent":0,"menu_order":0,"comment_status":"closed","ping_status":"closed","template":"","meta":{"footnotes":""},"class_list":["post-2038","page","type-page","status-publish","hentry"],"yoast_head":"<!-- This site is optimized with the Yoast SEO plugin v27.4 - https:\/\/yoast.com\/product\/yoast-seo-wordpress\/ -->\n<title>Datenschutzerkl\u00e4rung - yoga-ac.eu<\/title>\n<meta name=\"robots\" content=\"index, follow, max-snippet:-1, max-image-preview:large, max-video-preview:-1\" \/>\n<link rel=\"canonical\" href=\"https:\/\/www.yoga-ac.eu\/privacy-policy\/\" \/>\n<meta property=\"og:locale\" content=\"de_DE\" \/>\n<meta property=\"og:type\" content=\"article\" \/>\n<meta property=\"og:title\" content=\"Datenschutzerkl\u00e4rung - yoga-ac.eu\" \/>\n<meta property=\"og:url\" content=\"https:\/\/www.yoga-ac.eu\/privacy-policy\/\" \/>\n<meta property=\"og:site_name\" content=\"yoga-ac.eu\" \/>\n<meta property=\"article:modified_time\" content=\"2025-05-02T17:07:18+00:00\" \/>\n<meta name=\"twitter:card\" content=\"summary_large_image\" \/>\n<meta name=\"twitter:label1\" content=\"Gesch\u00e4tzte Lesezeit\" \/>\n\t<meta name=\"twitter:data1\" content=\"3\u00a0Minuten\" \/>\n<script type=\"application\/ld+json\" class=\"yoast-schema-graph\">{\"@context\":\"https:\\\/\\\/schema.org\",\"@graph\":[{\"@type\":\"WebPage\",\"@id\":\"https:\\\/\\\/www.yoga-ac.eu\\\/privacy-policy\\\/\",\"url\":\"https:\\\/\\\/www.yoga-ac.eu\\\/privacy-policy\\\/\",\"name\":\"Datenschutzerkl\u00e4rung - yoga-ac.eu\",\"isPartOf\":{\"@id\":\"https:\\\/\\\/www.yoga-ac.eu\\\/#website\"},\"datePublished\":\"2025-05-02T17:04:48+00:00\",\"dateModified\":\"2025-05-02T17:07:18+00:00\",\"breadcrumb\":{\"@id\":\"https:\\\/\\\/www.yoga-ac.eu\\\/privacy-policy\\\/#breadcrumb\"},\"inLanguage\":\"de\",\"potentialAction\":[{\"@type\":\"ReadAction\",\"target\":[\"https:\\\/\\\/www.yoga-ac.eu\\\/privacy-policy\\\/\"]}]},{\"@type\":\"BreadcrumbList\",\"@id\":\"https:\\\/\\\/www.yoga-ac.eu\\\/privacy-policy\\\/#breadcrumb\",\"itemListElement\":[{\"@type\":\"ListItem\",\"position\":1,\"name\":\"Home\",\"item\":\"https:\\\/\\\/www.yoga-ac.eu\\\/\"},{\"@type\":\"ListItem\",\"position\":2,\"name\":\"Datenschutzerkl\u00e4rung\"}]},{\"@type\":\"WebSite\",\"@id\":\"https:\\\/\\\/www.yoga-ac.eu\\\/#website\",\"url\":\"https:\\\/\\\/www.yoga-ac.eu\\\/\",\"name\":\"yoga-ac.eu\",\"description\":\"Yoga Teacher Training &amp; Yoga Retreats\",\"potentialAction\":[{\"@type\":\"SearchAction\",\"target\":{\"@type\":\"EntryPoint\",\"urlTemplate\":\"https:\\\/\\\/www.yoga-ac.eu\\\/?s={search_term_string}\"},\"query-input\":{\"@type\":\"PropertyValueSpecification\",\"valueRequired\":true,\"valueName\":\"search_term_string\"}}],\"inLanguage\":\"de\"}]}<\/script>\n<!-- \/ Yoast SEO plugin. -->","yoast_head_json":{"title":"Datenschutzerkl\u00e4rung - yoga-ac.eu","robots":{"index":"index","follow":"follow","max-snippet":"max-snippet:-1","max-image-preview":"max-image-preview:large","max-video-preview":"max-video-preview:-1"},"canonical":"https:\/\/www.yoga-ac.eu\/privacy-policy\/","og_locale":"de_DE","og_type":"article","og_title":"Datenschutzerkl\u00e4rung - yoga-ac.eu","og_url":"https:\/\/www.yoga-ac.eu\/privacy-policy\/","og_site_name":"yoga-ac.eu","article_modified_time":"2025-05-02T17:07:18+00:00","twitter_card":"summary_large_image","twitter_misc":{"Gesch\u00e4tzte Lesezeit":"3\u00a0Minuten"},"schema":{"@context":"https:\/\/schema.org","@graph":[{"@type":"WebPage","@id":"https:\/\/www.yoga-ac.eu\/privacy-policy\/","url":"https:\/\/www.yoga-ac.eu\/privacy-policy\/","name":"Datenschutzerkl\u00e4rung - yoga-ac.eu","isPartOf":{"@id":"https:\/\/www.yoga-ac.eu\/#website"},"datePublished":"2025-05-02T17:04:48+00:00","dateModified":"2025-05-02T17:07:18+00:00","breadcrumb":{"@id":"https:\/\/www.yoga-ac.eu\/privacy-policy\/#breadcrumb"},"inLanguage":"de","potentialAction":[{"@type":"ReadAction","target":["https:\/\/www.yoga-ac.eu\/privacy-policy\/"]}]},{"@type":"BreadcrumbList","@id":"https:\/\/www.yoga-ac.eu\/privacy-policy\/#breadcrumb","itemListElement":[{"@type":"ListItem","position":1,"name":"Home","item":"https:\/\/www.yoga-ac.eu\/"},{"@type":"ListItem","position":2,"name":"Datenschutzerkl\u00e4rung"}]},{"@type":"WebSite","@id":"https:\/\/www.yoga-ac.eu\/#website","url":"https:\/\/www.yoga-ac.eu\/","name":"yoga-ac.eu","description":"Yoga Teacher Training &amp; Yoga Retreats","potentialAction":[{"@type":"SearchAction","target":{"@type":"EntryPoint","urlTemplate":"https:\/\/www.yoga-ac.eu\/?s={search_term_string}"},"query-input":{"@type":"PropertyValueSpecification","valueRequired":true,"valueName":"search_term_string"}}],"inLanguage":"de"}]}},"_links":{"self":[{"href":"https:\/\/www.yoga-ac.eu\/de\/wp-json\/wp\/v2\/pages\/2038","targetHints":{"allow":["GET"]}}],"collection":[{"href":"https:\/\/www.yoga-ac.eu\/de\/wp-json\/wp\/v2\/pages"}],"about":[{"href":"https:\/\/www.yoga-ac.eu\/de\/wp-json\/wp\/v2\/types\/page"}],"author":[{"embeddable":true,"href":"https:\/\/www.yoga-ac.eu\/de\/wp-json\/wp\/v2\/users\/1"}],"replies":[{"embeddable":true,"href":"https:\/\/www.yoga-ac.eu\/de\/wp-json\/wp\/v2\/comments?post=2038"}],"version-history":[{"count":5,"href":"https:\/\/www.yoga-ac.eu\/de\/wp-json\/wp\/v2\/pages\/2038\/revisions"}],"predecessor-version":[{"id":2043,"href":"https:\/\/www.yoga-ac.eu\/de\/wp-json\/wp\/v2\/pages\/2038\/revisions\/2043"}],"wp:attachment":[{"href":"https:\/\/www.yoga-ac.eu\/de\/wp-json\/wp\/v2\/media?parent=2038"}],"curies":[{"name":"wp","href":"https:\/\/api.w.org\/{rel}","templated":true}]}}